{"id":8493,"date":"2025-03-04T10:29:23","date_gmt":"2025-03-04T10:29:23","guid":{"rendered":"http:\/\/cpivaldelaatalaya.es\/?page_id=8493"},"modified":"2025-09-22T09:26:53","modified_gmt":"2025-09-22T09:26:53","slug":"madrugadores","status":"publish","type":"page","link":"https:\/\/cpivaldelaatalaya.es\/?page_id=8493","title":{"rendered":"MADRUGADORES"},"content":{"rendered":"\n<p><strong>PLAN CORRESPONSABLES CURSO 25-26. AULA MADRUGADORA<\/strong><\/p>\n<div><br \/>Este curso 2025-2026 el centro participa en el Plan Corresponsables impulsado desde la Secretar\u00eda de Estado de Igualdad y contra la Violencia de G\u00e9nero del Ministerio de Igualdad.<\/div>\n<div><br \/>El Plan Corresponsables consistir\u00e1 en la apertura del centro con servicio de <strong>\u201cAula Madrugadora\u201d<\/strong>. Este servicio estar\u00e1 disponible de lunes a viernes en horario de 7:30 a 8:50h (siendo la \u00faltima entrada a las 8:30).<\/div>\n<div><br \/>Desde el centro hemos elaborado un documento que contiene las bases de uso del aula madrugadora, enviado por tokapp a todas las familias, por lo que recomendamos leerlo antes de inscribir a vuestros hijos en el servicio.<\/div>\n<div>\u00a0<br \/>Cualquier duda pod\u00e9is escribir un correo a <a href=\"mailto:secretaria@cpivaldelaatalaya.es\" target=\"_blank\" rel=\"noopener\">secretaria@cpivaldelaatalaya.<wbr \/>es<\/a>\n<div class=\"yj6qo\">\u00a0<\/div>\n<\/div>\n\n\n\n<p><a href=\"https:\/\/aplicaciones.aragon.es:443\/edutpv\/formupagotpv.do?formId=NjMwMzg%3D\"><strong>PAGO PARA EL USO DE D\u00cdAS SUELTOS DEL AULA MADRUGADORA<\/strong><\/a><\/p>\n","protected":false},"excerpt":{"rendered":"<p>PLAN CORRESPONSABLES CURSO 25-26. AULA MADRUGADORA Este curso 2025-2026 el centro participa en el Plan Corresponsables impulsado desde la Secretar\u00eda de Estado de Igualdad y contra la Violencia de G\u00e9nero del Ministerio de Igualdad. El Plan Corresponsables consistir\u00e1 en la apertura del centro con servicio de \u201cAula Madrugadora\u201d. Este servicio estar\u00e1 disponible de lunes a &hellip; <\/p>\n<p><a class=\"more-link btn\" href=\"https:\/\/cpivaldelaatalaya.es\/?page_id=8493\">Seguir leyendo<\/a><\/p>\n","protected":false},"author":2,"featured_media":0,"parent":0,"menu_order":0,"comment_status":"closed","ping_status":"closed","template":"","meta":{"footnotes":""},"class_list":["post-8493","page","type-page","status-publish","hentry","nodate","item-wrap"],"_links":{"self":[{"href":"https:\/\/cpivaldelaatalaya.es\/index.php?rest_route=\/wp\/v2\/pages\/8493","targetHints":{"allow":["GET"]}}],"collection":[{"href":"https:\/\/cpivaldelaatalaya.es\/index.php?rest_route=\/wp\/v2\/pages"}],"about":[{"href":"https:\/\/cpivaldelaatalaya.es\/index.php?rest_route=\/wp\/v2\/types\/page"}],"author":[{"embeddable":true,"href":"https:\/\/cpivaldelaatalaya.es\/index.php?rest_route=\/wp\/v2\/users\/2"}],"replies":[{"embeddable":true,"href":"https:\/\/cpivaldelaatalaya.es\/index.php?rest_route=%2Fwp%2Fv2%2Fcomments&post=8493"}],"version-history":[{"count":7,"href":"https:\/\/cpivaldelaatalaya.es\/index.php?rest_route=\/wp\/v2\/pages\/8493\/revisions"}],"predecessor-version":[{"id":8944,"href":"https:\/\/cpivaldelaatalaya.es\/index.php?rest_route=\/wp\/v2\/pages\/8493\/revisions\/8944"}],"wp:attachment":[{"href":"https:\/\/cpivaldelaatalaya.es\/index.php?rest_route=%2Fwp%2Fv2%2Fmedia&parent=8493"}],"curies":[{"name":"wp","href":"https:\/\/api.w.org\/{rel}","templated":true}]}}