{"id":7064,"date":"2023-03-15T09:09:11","date_gmt":"2023-03-15T09:09:11","guid":{"rendered":"https:\/\/cpivaldelaatalaya.es\/?page_id=7064"},"modified":"2025-06-10T12:17:13","modified_gmt":"2025-06-10T12:17:13","slug":"banco-de-libros","status":"publish","type":"page","link":"https:\/\/cpivaldelaatalaya.es\/?page_id=7064","title":{"rendered":"Banco de libros"},"content":{"rendered":"\n<p>Compartimos la informaci\u00f3n m\u00e1s destacada del sistema de Banco de Libros para el curso 2025-2026.<\/p>\n\n\n\n<p><a href=\"https:\/\/view.genially.com\/67f7b24d4d209fa3de138a83\/interactive-content-banco-de-libros-25-26\">https:\/\/view.genial.ly\/661d38e38a6f6c001400db3a\/interactive-content-banco-de-libros-25-26<\/a><\/p>\n\n\n\n<h2 style=\"text-align: center;\"><b>BANCO DE LIBROS 2025-26. CPI VAL DE LA ATALAYA<\/b><\/h2>\n<table style=\"border-color: #050505; width: 100%; height: 669px;\">\n<tbody>\n<tr style=\"height: 65px;\">\n<td style=\"height: 65px;\">\n<p><span style=\"font-weight: 400;\">PLAZOS:<\/span><\/p>\n<\/td>\n<td style=\"height: 65px;\">\u00a0<\/td>\n<\/tr>\n<tr style=\"height: 114px;\">\n<td style=\"height: 114px;\">\n<p><b>MAYO<\/b><\/p>\n<\/td>\n<td style=\"height: 114px;\">\n<p><span style=\"background-color: #ccffff;\"><b>DEL 12 AL 30 DE MAYO\u00a0<\/b><\/span><\/p>\n<p><b>Altas, bajas o renovaci\u00f3n<\/b><span style=\"font-weight: 400;\"> en el programa y <\/span><b>pago<\/b><span style=\"font-weight: 400;\"> de la cuota a trav\u00e9s de TPV.<\/span><\/p>\n<\/td>\n<\/tr>\n<tr style=\"height: 318px;\">\n<td style=\"height: 318px;\">\n<p><b>JUNIO<\/b><\/p>\n<\/td>\n<td style=\"height: 318px;\">\n<p><b>Devoluci\u00f3n <\/b><span style=\"font-weight: 400;\">por parte del alumnado del <strong>lote de libros<\/strong> de texto prestados para el curso 24-25. Las altas nuevas tambi\u00e9n traer\u00e1n un lote completo para poder adherirse al banco. (Excepto alumnos que cursen 3\u00ba de Primaria en el curso 25-26).<\/span><\/p>\n<p><span style=\"font-weight: 400;\">El alumnado becado tambi\u00e9n tiene que entregar los materiales.<\/span><\/p>\n<p><span style=\"font-weight: 400;\">La entrega la realizar\u00e1n en sus aulas al tutor\/a.<\/span><\/p>\n<p><span style=\"color: #ff0000;\"><b><span style=\"color: #000000;\">ALUMNADO DE PRIMARIA:<\/span> 17de junio<\/b><\/span><\/p>\n<p><span style=\"color: #ff0000;\"><b><span style=\"color: #000000;\">ALUMNADO DE SECUNDARIA:<\/span> viernes 20 junio ,excepto 4\u00ba ESO 12 de junio.<\/b><\/span><\/p>\n<\/td>\n<\/tr>\n<tr style=\"height: 172px;\">\n<td style=\"height: 172px;\">\n<p><b>SEPTIEMBRE<\/b><\/p>\n<\/td>\n<td style=\"height: 172px;\">\n<p><span style=\"font-weight: 400;\">Entrega a las familias de los libros de texto para el curso 25-26 (fechas por determinar)<\/span><\/p>\n<p><span style=\"font-weight: 400;\">Se abrir\u00e1 un <\/span><b>plazo extraordinario EXCLUSIVO<\/b><span style=\"font-weight: 400;\"> para alumnado que haya pedido Beca de material curricular para el curso 25-26 y no se le haya concedido.\u00a0 (Fechas por determinar)<\/span><\/p>\n<\/td>\n<\/tr>\n<\/tbody>\n<\/table>\n<p><span style=\"background-color: #ffff99;\"><strong>NOTAS ACLARATORIAS\u00a0<\/strong><\/span><\/p>\n<p><span style=\"background-color: #ffff99;\">Para NUEVOS alumnos,\u00a0 PENDIENTES DE ADJUDICACION DE PLAZA\u00a0 que provienen de centros no adscritos al colegio ( fuera de Mar\u00eda de Huerva), el plazo\u00a0 para el <strong>pago<\/strong> ser\u00e1 el siguiente:<\/span><\/p>\n<p><span style=\"background-color: #ffff99;\">Del 12\u00a0 de Mayo\u00a0 hasta final del periodo de MATRICULACION<\/span><\/p>\n<p><span style=\"background-color: #ccffff;\"><b>USUARIOS<\/b><\/span><\/p>\n<p><span style=\"font-weight: 400;\">Pueden adherirse al banco de libros:<\/span><\/p>\n<ul>\n<li style=\"font-weight: 400;\" aria-level=\"1\"><span style=\"font-weight: 400;\">Alumnado que vaya a cursar <\/span><b>desde 3\u00ba de primaria hasta 4\u00ba de la ESO en el curso 2025-26.<\/b><\/li>\n<\/ul>\n<h2 style=\"text-align: center;\"><span style=\"background-color: #ffffff;\"><b>ALTAS, BAJAS Y RENOVACI\u00d3N<\/b><\/span><\/h2>\n<p><span style=\"background-color: #ccffff;\"><b>ALTAS:\u00a0<\/b><\/span><\/p>\n<p><span style=\"font-weight: 400;\">Por normativa los nuevos usuarios deber\u00e1n cumplir los siguientes requisitos:<\/span><\/p>\n<ul>\n<li><strong>Rellenar el ANEXO I, <span style=\"font-size: revert;\">enviarlo\/entregarlo en\u00a0 secretar\u00eda (secretaria@cpivaldelaatalaya.es). <\/span><\/strong><\/li>\n<li><strong><span style=\"font-size: revert;\">Pagar la cuota de 22\u20ac en primaria y 29\u20ac para secundaria dentro del plazo establecido (TPV).<\/span><\/strong><\/li>\n<li><strong>Entregar un lote de libros del curso anterior en buen estado y dentro del plazo<span style=\"font-size: revert;\">. (Se especificar\u00e1n los libros que componen este lote)<\/span><\/strong><\/li>\n<\/ul>\n<p><strong>* *\u00danicamente el alumnado que NO tiene que entregar el lote de libros es el que pasa a 3\u00ba de Primaria, puesto que en 2\u00ba han utilizado libros de texto fungibles.<\/strong><\/p>\n<p><span style=\"font-weight: 400;\">En caso de que un material se considere que no est\u00e1 en condiciones de ser reutilizado, por un uso incorrecto a criterio de la Comisi\u00f3n del Banco de Libros, la familia habr\u00e1 de reponerlo antes de poder continuar participando en el sistema de Banco de Libros.<\/span><\/p>\n<p><span style=\"font-weight: 400;\">ENLACE AL ANEXO I:\u00a0<\/span><\/p>\n<p><a href=\"https:\/\/educa.aragon.es\/documents\/20126\/0\/ANEXO+I+AUTO+%281%29.pdf\/fb05e8a7-9718-9b3e-435a-b325d7887b93?t=1744199769176\"><span style=\"font-weight: 400;\">https:\/\/educa.aragon.es\/documents\/20126\/0\/ANEXO+I+AUTO+%281%29.pdf\/fb05e8a7-9718-9b3e-435a-b325d7887b93?t=1744199769176<\/span><\/a><span style=\"font-weight: 400;\">\u00a0<\/span><\/p>\n<p><span style=\"background-color: #ccffff;\"><b>BAJAS:<\/b><\/span><\/p>\n<p><span style=\"font-weight: 400;\">Es necesario que se complete y se entregue en el centro el documento de <\/span><b>solicitud de baja ANEXO II<\/b><span style=\"font-weight: 400;\">, y devolver el lote de libros en el plazo correspondiente.<\/span><\/p>\n<p>Excepci\u00f3n: para alumnos de 4\u00ba ESO, SOLO tienen que devolver el lote de libros<\/p>\n<p><span style=\"font-weight: 400;\">ENLACE AL ANEXO II:\u00a0<\/span><\/p>\n<p><a href=\"https:\/\/educa.aragon.es\/documents\/20126\/0\/ANEXO+II+AUTO+%281%29.pdf\/d45d69a1-735b-837f-b38c-45b9d5bdf5e8?t=1744199887209\"><span style=\"font-weight: 400;\">https:\/\/educa.aragon.es\/documents\/20126\/0\/ANEXO+II+AUTO+%281%29.pdf\/d45d69a1-735b-837f-b38c-45b9d5bdf5e8?t=1744199887209<\/span><\/a><span style=\"font-weight: 400;\">\u00a0<\/span><\/p>\n<p><span style=\"background-color: #ccffff;\"><b>RENOVACI\u00d3N:<\/b><\/span><\/p>\n<p><span style=\"font-weight: 400;\">El alumnado que ya forma parte del banco de libros y quiere continuar <\/span><b>NO TIENE QUE REALIZAR NINGUNA GESTI\u00d3N, SOLO DEBE REALIZAR EL PAGO<\/b><span style=\"font-weight: 400;\"> de la cuota en las mismas condiciones y plazos que los nuevo usuarios, del 12 al 30 de mayo. (Posteriormente entregar\u00e1n el lote de libros en los tiempos establecidos).<\/span><\/p>\n<p><span style=\"background-color: #ccffff;\"><b>PAGO DE CUOTAS<\/b><\/span><\/p>\n<p><span style=\"font-weight: 400;\">Se adjuntan los enlaces del pago a trav\u00e9s de TPV. Os pedimos que guard\u00e9is el justificante de pago por si se produce alguna incidencia.<\/span><\/p>\n<p><span style=\"font-weight: 400;\">PAGO DE PRIMARIA:\u00a0<\/span><\/p>\n<p><a href=\"https:\/\/aplicaciones.aragon.es:443\/edutpv\/formupagotpv.do?formId=NTgzMzA%3D\"><span style=\"font-weight: 400;\">https:\/\/aplicaciones.aragon.es:443\/edutpv\/formupagotpv.do?formId=NTgzMzA%3D<\/span><\/a><span style=\"font-weight: 400;\">\u00a0<\/span><\/p>\n<p><span style=\"font-weight: 400;\">PAGO DE SECUNDARIA:\u00a0<\/span><\/p>\n<p><a href=\"https:\/\/aplicaciones.aragon.es:443\/edutpv\/formupagotpv.do?formId=NTgzMzE%3D\"><span style=\"font-weight: 400;\">https:\/\/aplicaciones.aragon.es:443\/edutpv\/formupagotpv.do?formId=NTgzMzE%3D<\/span><\/a><span style=\"font-weight: 400;\">\u00a0<\/span><\/p>\n<p><strong>*LOS ALUMNOS QUE CAMBIAN DE CENTRO, REALIZAR\u00c1N EL PAGO EN EL CENTRO EN EL QUE SE MATRICULEN, PERO LA ENTREGA DE LIBROS SER\u00c1 EN NUESTRO COLEGIO.<\/strong><\/p>\n<p><b>*NO SE ADMITIR\u00c1N PAGOS NI INSCRIPCIONES FUERA DE PLAZO<\/b><\/p>\n<p><span style=\"background-color: #ccffff;\"><b>BANCO DE LIBROS Y BECA DE MATERIAL CURRICULAR<\/b><\/span><\/p>\n<p><b>Se recuerda la obligaci\u00f3n que adquiere el alumnado beneficiario de ayudas de material curricular del curso 2024-25, de entregar todos los materiales financiados con dichas ayudas al centro educativo para su incorporaci\u00f3n al Banco de Libros.<\/b><\/p>\n<ul>\n<li><span style=\"font-weight: 400;\"> Si el alumno ha optado por pedir la ayuda de material curricular para el curso 2025-26, no podr\u00e1 solicitar la adhesi\u00f3n al Banco de Libros en periodo ordinario.<\/span><\/li>\n<li><span style=\"font-weight: 400;\"> Si esta ayuda le es concedida, no podr\u00e1 adherirse al Sistema de Banco de Libros en el curso 2025-26.<\/span><\/li>\n<li><span style=\"font-weight: 400;\"> Si, por el contrario, le es denegada, podr\u00e1 adherirse al Sistema de Banco de Libros <\/span><b>antes del 8 de septiembre de 2024<\/b><span style=\"font-weight: 400;\"> cumpliendo, excepto en lo relativo al plazo de solicitud, el resto de las condiciones de las altas ordinarias.\u00a0<\/span><\/li>\n<\/ul>\n<p>\u00a0<\/p>\n\n\n","protected":false},"excerpt":{"rendered":"<p>Compartimos la informaci\u00f3n m\u00e1s destacada del sistema de Banco de Libros para el curso 2025-2026. https:\/\/view.genial.ly\/661d38e38a6f6c001400db3a\/interactive-content-banco-de-libros-25-26 BANCO DE LIBROS 2025-26. CPI VAL DE LA ATALAYA PLAZOS: \u00a0 MAYO DEL 12 AL 30 DE MAYO\u00a0 Altas, bajas o renovaci\u00f3n en el programa y pago de la cuota a trav\u00e9s de TPV. JUNIO Devoluci\u00f3n por parte del &hellip; <\/p>\n<p><a class=\"more-link btn\" href=\"https:\/\/cpivaldelaatalaya.es\/?page_id=7064\">Seguir leyendo<\/a><\/p>\n","protected":false},"author":2,"featured_media":0,"parent":0,"menu_order":0,"comment_status":"closed","ping_status":"closed","template":"","meta":{"footnotes":""},"class_list":["post-7064","page","type-page","status-publish","hentry","nodate","item-wrap"],"_links":{"self":[{"href":"https:\/\/cpivaldelaatalaya.es\/index.php?rest_route=\/wp\/v2\/pages\/7064","targetHints":{"allow":["GET"]}}],"collection":[{"href":"https:\/\/cpivaldelaatalaya.es\/index.php?rest_route=\/wp\/v2\/pages"}],"about":[{"href":"https:\/\/cpivaldelaatalaya.es\/index.php?rest_route=\/wp\/v2\/types\/page"}],"author":[{"embeddable":true,"href":"https:\/\/cpivaldelaatalaya.es\/index.php?rest_route=\/wp\/v2\/users\/2"}],"replies":[{"embeddable":true,"href":"https:\/\/cpivaldelaatalaya.es\/index.php?rest_route=%2Fwp%2Fv2%2Fcomments&post=7064"}],"version-history":[{"count":16,"href":"https:\/\/cpivaldelaatalaya.es\/index.php?rest_route=\/wp\/v2\/pages\/7064\/revisions"}],"predecessor-version":[{"id":8786,"href":"https:\/\/cpivaldelaatalaya.es\/index.php?rest_route=\/wp\/v2\/pages\/7064\/revisions\/8786"}],"wp:attachment":[{"href":"https:\/\/cpivaldelaatalaya.es\/index.php?rest_route=%2Fwp%2Fv2%2Fmedia&parent=7064"}],"curies":[{"name":"wp","href":"https:\/\/api.w.org\/{rel}","templated":true}]}}