{"id":7061,"date":"2023-03-15T08:58:58","date_gmt":"2023-03-15T08:58:58","guid":{"rendered":"https:\/\/cpivaldelaatalaya.es\/?page_id=7061"},"modified":"2025-06-24T18:06:58","modified_gmt":"2025-06-24T18:06:58","slug":"revista-escolar","status":"publish","type":"page","link":"https:\/\/cpivaldelaatalaya.es\/?page_id=7061","title":{"rendered":"REVISTA ESCOLAR"},"content":{"rendered":"\n<p>Cada curso escolar damos a conocer muchas de las actividades que hacemos en el centro a trav\u00e9s de nuestra revista escolar \u00abLa Voz del Val\u00bb.\u00a0 Aqu\u00ed podr\u00e1s consultar todos los n\u00fameros publicados.<\/p>\n<p>\u00a0<\/p>\n<p>\u00a0<\/p>\n","protected":false},"excerpt":{"rendered":"<p>Cada curso escolar damos a conocer muchas de las actividades que hacemos en el centro a trav\u00e9s de nuestra revista escolar \u00abLa Voz del Val\u00bb.\u00a0 Aqu\u00ed podr\u00e1s consultar todos los n\u00fameros publicados. \u00a0 \u00a0<\/p>\n","protected":false},"author":2,"featured_media":0,"parent":0,"menu_order":0,"comment_status":"closed","ping_status":"closed","template":"","meta":{"footnotes":""},"class_list":["post-7061","page","type-page","status-publish","hentry","nodate","item-wrap"],"_links":{"self":[{"href":"https:\/\/cpivaldelaatalaya.es\/index.php?rest_route=\/wp\/v2\/pages\/7061","targetHints":{"allow":["GET"]}}],"collection":[{"href":"https:\/\/cpivaldelaatalaya.es\/index.php?rest_route=\/wp\/v2\/pages"}],"about":[{"href":"https:\/\/cpivaldelaatalaya.es\/index.php?rest_route=\/wp\/v2\/types\/page"}],"author":[{"embeddable":true,"href":"https:\/\/cpivaldelaatalaya.es\/index.php?rest_route=\/wp\/v2\/users\/2"}],"replies":[{"embeddable":true,"href":"https:\/\/cpivaldelaatalaya.es\/index.php?rest_route=%2Fwp%2Fv2%2Fcomments&post=7061"}],"version-history":[{"count":11,"href":"https:\/\/cpivaldelaatalaya.es\/index.php?rest_route=\/wp\/v2\/pages\/7061\/revisions"}],"predecessor-version":[{"id":8816,"href":"https:\/\/cpivaldelaatalaya.es\/index.php?rest_route=\/wp\/v2\/pages\/7061\/revisions\/8816"}],"wp:attachment":[{"href":"https:\/\/cpivaldelaatalaya.es\/index.php?rest_route=%2Fwp%2Fv2%2Fmedia&parent=7061"}],"curies":[{"name":"wp","href":"https:\/\/api.w.org\/{rel}","templated":true}]}}