{"id":5416,"date":"2021-04-30T20:22:08","date_gmt":"2021-04-30T20:22:08","guid":{"rendered":"http:\/\/cpivaldelaatalaya.es\/?page_id=5416"},"modified":"2023-01-26T08:25:35","modified_gmt":"2023-01-26T08:25:35","slug":"convivencia","status":"publish","type":"page","link":"https:\/\/cpivaldelaatalaya.es\/?page_id=5416","title":{"rendered":"CONVIVENCIA"},"content":{"rendered":"\n<p>La convivencia es uno de los pilares b\u00e1sicos del CPI Val de la Atalaya. La diferencia de edad del alumnado de las tres etapas educativas que aqu\u00ed se imparten, que va de los 3 a los 16 a\u00f1os, hacen que la manera de tratar la convivencia y la resoluci\u00f3n de los posibles conflictos se adapte en todo momento a las necesidades y caracter\u00edsticas del alumnado.\u00a0\u00a0<\/p>\n<p>Para lograr ese clima de convivencia entre los m\u00e1s de 700 alumnos del centro, contamos con la ayuda de los Equipos de Convivencia, formados por profesorado del centro, y de los alumnos ayudantes a partir de 5\u00ba de primaria.\u00a0<\/p>\n","protected":false},"excerpt":{"rendered":"<p>La convivencia es uno de los pilares b\u00e1sicos del CPI Val de la Atalaya. La diferencia de edad del alumnado de las tres etapas educativas que aqu\u00ed se imparten, que va de los 3 a los 16 a\u00f1os, hacen que la manera de tratar la convivencia y la resoluci\u00f3n de los posibles conflictos se adapte &hellip; <\/p>\n<p><a class=\"more-link btn\" href=\"https:\/\/cpivaldelaatalaya.es\/?page_id=5416\">Seguir leyendo<\/a><\/p>\n","protected":false},"author":2,"featured_media":0,"parent":0,"menu_order":0,"comment_status":"closed","ping_status":"closed","template":"","meta":{"footnotes":""},"class_list":["post-5416","page","type-page","status-publish","hentry","nodate","item-wrap"],"_links":{"self":[{"href":"https:\/\/cpivaldelaatalaya.es\/index.php?rest_route=\/wp\/v2\/pages\/5416","targetHints":{"allow":["GET"]}}],"collection":[{"href":"https:\/\/cpivaldelaatalaya.es\/index.php?rest_route=\/wp\/v2\/pages"}],"about":[{"href":"https:\/\/cpivaldelaatalaya.es\/index.php?rest_route=\/wp\/v2\/types\/page"}],"author":[{"embeddable":true,"href":"https:\/\/cpivaldelaatalaya.es\/index.php?rest_route=\/wp\/v2\/users\/2"}],"replies":[{"embeddable":true,"href":"https:\/\/cpivaldelaatalaya.es\/index.php?rest_route=%2Fwp%2Fv2%2Fcomments&post=5416"}],"version-history":[{"count":3,"href":"https:\/\/cpivaldelaatalaya.es\/index.php?rest_route=\/wp\/v2\/pages\/5416\/revisions"}],"predecessor-version":[{"id":6857,"href":"https:\/\/cpivaldelaatalaya.es\/index.php?rest_route=\/wp\/v2\/pages\/5416\/revisions\/6857"}],"wp:attachment":[{"href":"https:\/\/cpivaldelaatalaya.es\/index.php?rest_route=%2Fwp%2Fv2%2Fmedia&parent=5416"}],"curies":[{"name":"wp","href":"https:\/\/api.w.org\/{rel}","templated":true}]}}