{"id":5401,"date":"2021-04-30T20:12:03","date_gmt":"2021-04-30T20:12:03","guid":{"rendered":"http:\/\/cpivaldelaatalaya.es\/?page_id=5401"},"modified":"2025-10-06T07:46:39","modified_gmt":"2025-10-06T07:46:39","slug":"infantil","status":"publish","type":"page","link":"https:\/\/cpivaldelaatalaya.es\/?page_id=5401","title":{"rendered":"INFANTIL"},"content":{"rendered":"\n<p><strong>MATERIAL ESCOLAR DE INFANTIL CURSO 2025-26<\/strong><\/p>\n<p><a href=\"https:\/\/drive.google.com\/file\/d\/15oHjWhrs_Iuztq-_1I_AyqpLs-joZRU-\/view?usp=sharing\">MATERIAL DE 3 A\u00d1OS<\/a><\/p>\n<p><a href=\"https:\/\/drive.google.com\/file\/d\/17zqD8LPKzLSVy0n1SfhPtzLklrxUj1Ke\/view?usp=sharing\">MATERIAL DE 4 A\u00d1OS<\/a><\/p>\n<p><a href=\"https:\/\/drive.google.com\/file\/d\/1hVQehhkVs3UDGDiQs9_6P-5zvCyMbu5K\/view?usp=sharing\">MATERIAL DE 5 A\u00d1OS<\/a><\/p>\n<p>\u00a0<\/p>\n<p><strong>INFORMACI\u00d3N PARA EL NUEVO ALUMNADO DE 1\u00ba DE INFANTIL PARA EL CURSO 2023-24<\/strong><\/p>\n<p>Estimadas familias,<\/p>\n<div>Somos las maestras que vamos a estar con vuestros hijos en primero de infantil el pr\u00f3ximo curso 2023-24.<\/div>\n<div>Nuestros nombres son:<\/div>\n<div>&#8211; maestras tutoras: Pili Ballest\u00edn y Ana Navarro.<\/div>\n<div>&#8211; maestras de ingl\u00e9s: Mar\u00eda Garc\u00eda y M\u00f3nica Prieto.<\/div>\n<div>\u00a0<\/div>\n<div>Queremos aprovechar este email para presentarnos y para transmitiros\u00a0la informaci\u00f3n\u00a0m\u00e1s relevante de cara al curso que viene.<\/div>\n<div>\u00a0<\/div>\n<div>En los archivos adjuntos pod\u00e9is encontrar la siguiente informaci\u00f3n:<\/div>\n<div>\u00a0<\/div>\n<div>&#8211;\u00a0<b>Informaci\u00f3n principio de curso:<\/b> \u00a0<\/div>\n<div>En este documento os explicamos c\u00f3mo va ser el periodo\u00a0de adaptaci\u00f3n, el material que ten\u00e9is\u00a0 \u00a0que traer, informaci\u00f3n\u00a0sobre las reuniones individuales que tendremos con vosotros el martes 5\u00a0 de septiembre, informaci\u00f3n sobre el comedor escolar que os ampliamos en el otro documento adjunto,&#8230;<\/div>\n<div>Es muy importante que abr\u00e1is este documento en el ordenador para que pod\u00e1is\u00a0leer bien toda la informaci\u00f3n\u00a0y apuntaros a la tutor\u00eda individual desde el enlace\u00a0que os proporcionamos\u00a0<\/div>\n<div>(desde el m\u00f3vil tambi\u00e9n pod\u00e9is apuntaros siempre que teng\u00e1is descargada la aplicaci\u00f3n de word).<\/div>\n<div>\u00a0<\/div>\n<div>&#8211;\u00a0<b>Comedor 1\u00ba de infantil:<\/b><\/div>\n<div>\u00a0En este documento ten\u00e9is\u00a0la informaci\u00f3n m\u00e1s detallada\u00a0 sobre c\u00f3mo pod\u00e9is inscribiros.<\/div>\n<div>\u00a0Por favor, es muy importante que nos avis\u00e9is si alg\u00fan ni\u00f1o se va\u00a0a quedar al comedor durante el periodo de adaptaci\u00f3n.<\/div>\n<div><b>\u00a0<\/b><\/div>\n<div><b>&#8211; Entrevista inicial:\u00a0<\/b>la tendr\u00e9is que traer rellenada el d\u00eda de la entrevista individual.<\/div>\n<div>\u00a0<\/div>\n<div>\u00a0<\/div>\n<div>\u00a1Disfrutad del verano y nos vemos pronto!<\/div>\n<div>\u00a0<\/div>\n<div>Un saludo,<\/div>\n<div>\u00a0<\/div>\n<div>Las tutoras.<\/div>\n\n\n\n<div class=\"wp-block-file\"><a href=\"https:\/\/cpivaldelaatalaya.es\/wp-content\/uploads\/2023\/06\/INFO-INICIO-CURSO-3-ANOS.pdf\"><strong>INFORMACI\u00d3N PRINCIPIO DE CURSO: <\/strong><br>INFO-INICIO-CURSO-3-ANOS<\/a><a href=\"https:\/\/cpivaldelaatalaya.es\/wp-content\/uploads\/2023\/06\/INFO-INICIO-CURSO-3-ANOS.pdf\" class=\"wp-block-file__button wp-element-button\" download>Descarga<\/a><\/div>\n\n\n\n<div class=\"wp-block-file\"><a href=\"https:\/\/cpivaldelaatalaya.es\/wp-content\/uploads\/2023\/06\/COMEDOR-1o-INFANTIL.pdf\"><strong>COMEDOR 1\u00ba EDUCACI\u00d3N INFANTIL:<\/strong><br>COMEDOR-1o-INFANTIL<\/a><a href=\"https:\/\/cpivaldelaatalaya.es\/wp-content\/uploads\/2023\/06\/COMEDOR-1o-INFANTIL.pdf\" class=\"wp-block-file__button wp-element-button\" download>Descarga<\/a><\/div>\n\n\n\n<div class=\"wp-block-file\"><a href=\"https:\/\/cpivaldelaatalaya.es\/wp-content\/uploads\/2023\/06\/1.-ENTREVISTA-INICIAL.pdf\"><strong>ENTREVISTA INICIAL DE CURSO:<\/strong><br>ENTREVISTA-INICIAL<\/a><a href=\"https:\/\/cpivaldelaatalaya.es\/wp-content\/uploads\/2023\/06\/1.-ENTREVISTA-INICIAL.pdf\" class=\"wp-block-file__button wp-element-button\" download>Descarga<\/a><\/div>\n\n\n\n<p>\u00a0<\/p>\n<p>\u00a0<\/p>\n<p><strong>MATERIAL ESCOLAR DE INFANTIL CURSO 2023-24<\/strong><\/p>\n\n\n\n<div class=\"wp-block-file\"><a href=\"https:\/\/cpivaldelaatalaya.es\/wp-content\/uploads\/2023\/06\/3-ANOS-INFANTIL-2023-24.pdf\"><strong>MATERIAL DE 3 A\u00d1OS: <\/strong><br>3-ANOS-INFANTIL-2023-24<\/a><a href=\"https:\/\/cpivaldelaatalaya.es\/wp-content\/uploads\/2023\/06\/3-ANOS-INFANTIL-2023-24.pdf\" class=\"wp-block-file__button wp-element-button\" download>Descarga<\/a><\/div>\n\n\n\n<div class=\"wp-block-file\"><a href=\"https:\/\/cpivaldelaatalaya.es\/wp-content\/uploads\/2023\/06\/4-ANOS-INFANTIL.docx.pdf\"><strong>MATERIAL DE 4 A\u00d1OS :<\/strong><br>4-ANOS-INFANTIL.docx<\/a><a href=\"https:\/\/cpivaldelaatalaya.es\/wp-content\/uploads\/2023\/06\/4-ANOS-INFANTIL.docx.pdf\" class=\"wp-block-file__button wp-element-button\" download>Descarga<\/a><\/div>\n\n\n\n<div class=\"wp-block-file\"><a href=\"https:\/\/cpivaldelaatalaya.es\/wp-content\/uploads\/2023\/06\/5-ANOS-INFANTIL-.docx.pdf\"><strong>MATERIAL DE 5 A\u00d1OS: <\/strong><br>5-ANOS-INFANTIL-.docx<\/a><a href=\"https:\/\/cpivaldelaatalaya.es\/wp-content\/uploads\/2023\/06\/5-ANOS-INFANTIL-.docx.pdf\" class=\"wp-block-file__button wp-element-button\" download>Descarga<\/a><\/div>\n\n\n\n\n\n\n\n","protected":false},"excerpt":{"rendered":"<p>MATERIAL ESCOLAR DE INFANTIL CURSO 2025-26 MATERIAL DE 3 A\u00d1OS MATERIAL DE 4 A\u00d1OS MATERIAL DE 5 A\u00d1OS \u00a0 INFORMACI\u00d3N PARA EL NUEVO ALUMNADO DE 1\u00ba DE INFANTIL PARA EL CURSO 2023-24 Estimadas familias, Somos las maestras que vamos a estar con vuestros hijos en primero de infantil el pr\u00f3ximo curso 2023-24. Nuestros nombres son: &hellip; <\/p>\n<p><a class=\"more-link btn\" href=\"https:\/\/cpivaldelaatalaya.es\/?page_id=5401\">Seguir leyendo<\/a><\/p>\n","protected":false},"author":2,"featured_media":0,"parent":0,"menu_order":0,"comment_status":"closed","ping_status":"closed","template":"","meta":{"footnotes":""},"class_list":["post-5401","page","type-page","status-publish","hentry","nodate","item-wrap"],"_links":{"self":[{"href":"https:\/\/cpivaldelaatalaya.es\/index.php?rest_route=\/wp\/v2\/pages\/5401","targetHints":{"allow":["GET"]}}],"collection":[{"href":"https:\/\/cpivaldelaatalaya.es\/index.php?rest_route=\/wp\/v2\/pages"}],"about":[{"href":"https:\/\/cpivaldelaatalaya.es\/index.php?rest_route=\/wp\/v2\/types\/page"}],"author":[{"embeddable":true,"href":"https:\/\/cpivaldelaatalaya.es\/index.php?rest_route=\/wp\/v2\/users\/2"}],"replies":[{"embeddable":true,"href":"https:\/\/cpivaldelaatalaya.es\/index.php?rest_route=%2Fwp%2Fv2%2Fcomments&post=5401"}],"version-history":[{"count":10,"href":"https:\/\/cpivaldelaatalaya.es\/index.php?rest_route=\/wp\/v2\/pages\/5401\/revisions"}],"predecessor-version":[{"id":8997,"href":"https:\/\/cpivaldelaatalaya.es\/index.php?rest_route=\/wp\/v2\/pages\/5401\/revisions\/8997"}],"wp:attachment":[{"href":"https:\/\/cpivaldelaatalaya.es\/index.php?rest_route=%2Fwp%2Fv2%2Fmedia&parent=5401"}],"curies":[{"name":"wp","href":"https:\/\/api.w.org\/{rel}","templated":true}]}}