{"id":5362,"date":"2021-04-30T19:27:24","date_gmt":"2021-04-30T19:27:24","guid":{"rendered":"http:\/\/cpivaldelaatalaya.es\/?page_id=5362"},"modified":"2021-06-10T08:42:45","modified_gmt":"2021-06-10T08:42:45","slug":"recursos","status":"publish","type":"page","link":"https:\/\/cpivaldelaatalaya.es\/?page_id=5362","title":{"rendered":"Recursos"},"content":{"rendered":"\n<p><span style=\"font-family: Arial, serif;\">\u00a0 \u00a0 Compartimos con vosotros recursos, recomendaciones de libros y p\u00e1ginas web que pensamos pueden ser de vuestro inter\u00e9s. <\/span><\/p>\n<p><strong>GU\u00cdA EDUCAR EN POSITIVO<\/strong><\/p>\n<p><strong>Compartimos con vosotros una interesante gu\u00eda sobre c\u00f3mo educar en positivo.\u00a0<\/strong><\/p>\n<p><a href=\"http:\/\/celappa.com\/wp-content\/uploads\/2015\/12\/PDF-Educar-en-positivo.pdf\">http:\/\/celappa.com\/wp-content\/uploads\/2015\/12\/PDF-Educar-en-positivo.pdf<\/a><\/p>\n<p><strong>RECURSOS SOBRE LOS MIEDOS INFANTILES<\/strong><\/p>\n<p><strong>Documento sobre los miedos infantiles<\/strong><\/p>\n<p><a href=\"http:\/\/www.juntadeandalucia.es\/averroes\/centros-tic\/11007077\/helvia\/sitio\/upload\/Los_miedos_infantiles.pdf\">http:\/\/www.juntadeandalucia.es\/averroes\/centros-tic\/11007077\/helvia\/sitio\/upload\/Los_miedos_infantiles.pdf<\/a><\/p>\n<p><strong>Gu\u00eda sobre los miedos infantiles (de 0 a 6 a\u00f1os)<\/strong><\/p>\n<p><a href=\"https:\/\/edukame.com\/premium\/view-pdf\/10703\">file:\/\/\/C:\/Users\/alumno\/Downloads\/guia_los_miedos_en_la_infancia.pdf<\/a><\/p>\n<p><strong>Recursos para ayudar a los ni\u00f1os peque\u00f1os a enfrentarse a sus miedos\u00a0<\/strong><\/p>\n<p><a href=\"https:\/\/edukame.com\/premium\/view-pdf\/10698\">https:\/\/edukame.com\/premium\/view-pdf\/10698<\/a><\/p>\n<p><a href=\"https:\/\/edukame.com\/premium\/view-pdf\/10702\">https:\/\/edukame.com\/premium\/view-pdf\/10702<\/a><\/p>\n<p><a href=\"https:\/\/edukame.com\/premium\/view-pdf\/10700\">https:\/\/edukame.com\/premium\/view-pdf\/10700<\/a><\/p>\n<p><a href=\"https:\/\/edukame.com\/premium\/view-pdf\/10699\">https:\/\/edukame.com\/premium\/view-pdf\/10699<\/a><\/p>\n<p><strong>FOLLETOS PARA FAMILIAS CON PAUTAS EDUCATIVAS<\/strong><\/p>\n<p>En la p\u00e1gina web de Jes\u00fas Jarque Garc\u00eda, pedagogo y orientador educativo, encontrar\u00e9is folletos para familias sobre distintos temas que pueden ayudaros en la educaci\u00f3n de vuestros hijos\/as.\u00a0 \u00a0<\/p>\n<p><a href=\"https:\/\/jesusjarque.com\/folletos-para-las-familias\/\">https:\/\/jesusjarque.com\/folletos-para-las-familias\/<\/a><\/p>\n<p><strong>CUENTOS PARA TRABAJAR EMOCIONES<\/strong><\/p>\n<p>Compartimos tambi\u00e9n con vosotros varias p\u00e1ginas web en las que pod\u00e9is encontrar cuentos para trabajar las emociones con vuestros hijos\/as.\u00a0\u00a0<\/p>\n<p><a href=\"https:\/\/cuentosparacrecer.org\/blog\/20-cuentos-para-trabajar-20-emociones\/\">https:\/\/cuentosparacrecer.org\/blog\/20-cuentos-para-trabajar-20-emociones\/<\/a><\/p>\n<p><a href=\"https:\/\/cuentosparacrecer.org\/blog\/20-cuentos-para-trabajar-20-emociones\/\">http:\/\/www.clubpequeslectores.com\/2017\/05\/10-cuentos-infantiles-para-10-emociones.html<\/a><\/p>\n<p><a href=\"https:\/\/rejuega.com\/reflexiones-y-recursos\/literatura-infantil\/50-cuentos-para-trabajar-las-emociones-con-los-ninos\/\">https:\/\/rejuega.com\/reflexiones-y-recursos\/literatura-infantil\/50-cuentos-para-trabajar-las-emociones-con-los-ninos\/<\/a><\/p>\n<p><strong>CUENTOS PARA SENTIR: EDUCAR LAS EMOCIONES.<\/strong><\/p>\n<p>Compartimos con vosotros cuentos para educar en emociones de Bego\u00f1a Ibarrola:<\/p>\n<p><a href=\"https:\/\/www.educacionyfp.gob.es\/suiza\/dam\/jcr:9567a845-f278-41a9-8b45-b39d5109bd04\/cuentos%20para%20sentir%20y%20edu%20las%20emoc.pdf\">https:\/\/www.educacionyfp.gob.es\/suiza\/dam\/jcr:9567a845-f278-41a9-8b45-b39d5109bd04\/cuentos%20para%20sentir%20y%20edu%20las%20emoc.pdf<\/a><\/p>\n<p><strong>LIBRO PARA TRABAJAR LA EMOCI\u00d3N DEL ENFADO<\/strong><\/p>\n<p>Compartimos con vosotros un libro para trabajar con vuestros hijos\/as la emoci\u00f3n del enfado.\u00a0<\/p>\n<p><a href=\"https:\/\/irp-cdn.multiscreensite.com\/a8c32bb2\/files\/uploaded\/274083892-Que-Puedo-Hacer-Cuando-Estallo.pdf\">https:\/\/irp-cdn.multiscreensite.com\/a8c32bb2\/files\/uploaded\/274083892-Que-Puedo-Hacer-Cuando-Estallo.pdf<\/a><\/p>\n<p>\u00a0<\/p>\n\n\n","protected":false},"excerpt":{"rendered":"<p>\u00a0 \u00a0 Compartimos con vosotros recursos, recomendaciones de libros y p\u00e1ginas web que pensamos pueden ser de vuestro inter\u00e9s. GU\u00cdA EDUCAR EN POSITIVO Compartimos con vosotros una interesante gu\u00eda sobre c\u00f3mo educar en positivo.\u00a0 http:\/\/celappa.com\/wp-content\/uploads\/2015\/12\/PDF-Educar-en-positivo.pdf RECURSOS SOBRE LOS MIEDOS INFANTILES Documento sobre los miedos infantiles http:\/\/www.juntadeandalucia.es\/averroes\/centros-tic\/11007077\/helvia\/sitio\/upload\/Los_miedos_infantiles.pdf Gu\u00eda sobre los miedos infantiles (de 0 a 6 &hellip; <\/p>\n<p><a class=\"more-link btn\" href=\"https:\/\/cpivaldelaatalaya.es\/?page_id=5362\">Seguir leyendo<\/a><\/p>\n","protected":false},"author":2,"featured_media":0,"parent":0,"menu_order":0,"comment_status":"closed","ping_status":"closed","template":"","meta":{"footnotes":""},"class_list":["post-5362","page","type-page","status-publish","hentry","nodate","item-wrap"],"_links":{"self":[{"href":"https:\/\/cpivaldelaatalaya.es\/index.php?rest_route=\/wp\/v2\/pages\/5362","targetHints":{"allow":["GET"]}}],"collection":[{"href":"https:\/\/cpivaldelaatalaya.es\/index.php?rest_route=\/wp\/v2\/pages"}],"about":[{"href":"https:\/\/cpivaldelaatalaya.es\/index.php?rest_route=\/wp\/v2\/types\/page"}],"author":[{"embeddable":true,"href":"https:\/\/cpivaldelaatalaya.es\/index.php?rest_route=\/wp\/v2\/users\/2"}],"replies":[{"embeddable":true,"href":"https:\/\/cpivaldelaatalaya.es\/index.php?rest_route=%2Fwp%2Fv2%2Fcomments&post=5362"}],"version-history":[{"count":10,"href":"https:\/\/cpivaldelaatalaya.es\/index.php?rest_route=\/wp\/v2\/pages\/5362\/revisions"}],"predecessor-version":[{"id":5718,"href":"https:\/\/cpivaldelaatalaya.es\/index.php?rest_route=\/wp\/v2\/pages\/5362\/revisions\/5718"}],"wp:attachment":[{"href":"https:\/\/cpivaldelaatalaya.es\/index.php?rest_route=%2Fwp%2Fv2%2Fmedia&parent=5362"}],"curies":[{"name":"wp","href":"https:\/\/api.w.org\/{rel}","templated":true}]}}