{"id":5356,"date":"2021-04-30T19:26:22","date_gmt":"2021-04-30T19:26:22","guid":{"rendered":"http:\/\/cpivaldelaatalaya.es\/?page_id=5356"},"modified":"2021-08-16T10:28:14","modified_gmt":"2021-08-16T10:28:14","slug":"orientacion-eso","status":"publish","type":"page","link":"https:\/\/cpivaldelaatalaya.es\/?page_id=5356","title":{"rendered":"Orientaci\u00f3n ESO"},"content":{"rendered":"\n<p>\u00a0<\/p>\n<p><strong>ORIENTACI\u00d3N ACAD\u00c9MICA\u00a0 EN LA ESO<\/strong><\/p>\n<p>Compartimos aqu\u00ed la presentaci\u00f3n con la informaci\u00f3n acad\u00e9mica para la etapa de ESO en nuestro centro.\u00a0<\/p>\n<p><a href=\"https:\/\/view.genial.ly\/5eb4f8dc4dae8c0da995f5ac\/presentation-oferta-educativa-eso-cpi-val-de-la-atalaya\">https:\/\/view.genial.ly\/5eb4f8dc4dae8c0da995f5ac\/presentation-oferta-educativa-eso-cpi-val-de-la-atalaya<\/a><\/p>\n<p>En el siguiente enlace podr\u00e9is consultar la distribuci\u00f3n horaria de las distintas asignaturas de secundaria:<\/p>\n<p><a href=\"https:\/\/cpivaldelaatalaya.es\/wp-content\/uploads\/2021\/08\/Distribucion-horaria-ESO.pdf\">Distribuci\u00f3n horaria ESO<\/a><\/p>\n","protected":false},"excerpt":{"rendered":"<p>\u00a0 ORIENTACI\u00d3N ACAD\u00c9MICA\u00a0 EN LA ESO Compartimos aqu\u00ed la presentaci\u00f3n con la informaci\u00f3n acad\u00e9mica para la etapa de ESO en nuestro centro.\u00a0 https:\/\/view.genial.ly\/5eb4f8dc4dae8c0da995f5ac\/presentation-oferta-educativa-eso-cpi-val-de-la-atalaya En el siguiente enlace podr\u00e9is consultar la distribuci\u00f3n horaria de las distintas asignaturas de secundaria: Distribuci\u00f3n horaria ESO<\/p>\n","protected":false},"author":2,"featured_media":0,"parent":0,"menu_order":0,"comment_status":"closed","ping_status":"closed","template":"","meta":{"footnotes":""},"class_list":["post-5356","page","type-page","status-publish","hentry","nodate","item-wrap"],"_links":{"self":[{"href":"https:\/\/cpivaldelaatalaya.es\/index.php?rest_route=\/wp\/v2\/pages\/5356","targetHints":{"allow":["GET"]}}],"collection":[{"href":"https:\/\/cpivaldelaatalaya.es\/index.php?rest_route=\/wp\/v2\/pages"}],"about":[{"href":"https:\/\/cpivaldelaatalaya.es\/index.php?rest_route=\/wp\/v2\/types\/page"}],"author":[{"embeddable":true,"href":"https:\/\/cpivaldelaatalaya.es\/index.php?rest_route=\/wp\/v2\/users\/2"}],"replies":[{"embeddable":true,"href":"https:\/\/cpivaldelaatalaya.es\/index.php?rest_route=%2Fwp%2Fv2%2Fcomments&post=5356"}],"version-history":[{"count":3,"href":"https:\/\/cpivaldelaatalaya.es\/index.php?rest_route=\/wp\/v2\/pages\/5356\/revisions"}],"predecessor-version":[{"id":5840,"href":"https:\/\/cpivaldelaatalaya.es\/index.php?rest_route=\/wp\/v2\/pages\/5356\/revisions\/5840"}],"wp:attachment":[{"href":"https:\/\/cpivaldelaatalaya.es\/index.php?rest_route=%2Fwp%2Fv2%2Fmedia&parent=5356"}],"curies":[{"name":"wp","href":"https:\/\/api.w.org\/{rel}","templated":true}]}}