{"id":5350,"date":"2021-04-30T19:25:13","date_gmt":"2021-04-30T19:25:13","guid":{"rendered":"http:\/\/cpivaldelaatalaya.es\/?page_id=5350"},"modified":"2023-11-17T14:33:25","modified_gmt":"2023-11-17T14:33:25","slug":"orientaciones-primaria","status":"publish","type":"page","link":"https:\/\/cpivaldelaatalaya.es\/?page_id=5350","title":{"rendered":"Orientaciones primaria"},"content":{"rendered":"\n<p>Compartimos con vosotros un enlace en el que pod\u00e9is encontrar documentos con informaci\u00f3n y orientaciones sobre distintos aspectos fundamentales en el desarrollo de los ni\u00f1os en la etapa de educaci\u00f3n primaria.<\/p>\n<p><a href=\"https:\/\/padlet.com\/rosavalls\/orientaciones-para-las-familias-de-educaci-n-primaria-s3nq4ovv13mric1i\">Orientaciones para las familias de Educaci\u00f3n primaria.<\/a><\/p>\n","protected":false},"excerpt":{"rendered":"<p>Compartimos con vosotros un enlace en el que pod\u00e9is encontrar documentos con informaci\u00f3n y orientaciones sobre distintos aspectos fundamentales en el desarrollo de los ni\u00f1os en la etapa de educaci\u00f3n primaria. Orientaciones para las familias de Educaci\u00f3n primaria.<\/p>\n","protected":false},"author":2,"featured_media":0,"parent":0,"menu_order":0,"comment_status":"closed","ping_status":"closed","template":"","meta":{"footnotes":""},"class_list":["post-5350","page","type-page","status-publish","hentry","nodate","item-wrap"],"_links":{"self":[{"href":"https:\/\/cpivaldelaatalaya.es\/index.php?rest_route=\/wp\/v2\/pages\/5350","targetHints":{"allow":["GET"]}}],"collection":[{"href":"https:\/\/cpivaldelaatalaya.es\/index.php?rest_route=\/wp\/v2\/pages"}],"about":[{"href":"https:\/\/cpivaldelaatalaya.es\/index.php?rest_route=\/wp\/v2\/types\/page"}],"author":[{"embeddable":true,"href":"https:\/\/cpivaldelaatalaya.es\/index.php?rest_route=\/wp\/v2\/users\/2"}],"replies":[{"embeddable":true,"href":"https:\/\/cpivaldelaatalaya.es\/index.php?rest_route=%2Fwp%2Fv2%2Fcomments&post=5350"}],"version-history":[{"count":3,"href":"https:\/\/cpivaldelaatalaya.es\/index.php?rest_route=\/wp\/v2\/pages\/5350\/revisions"}],"predecessor-version":[{"id":7527,"href":"https:\/\/cpivaldelaatalaya.es\/index.php?rest_route=\/wp\/v2\/pages\/5350\/revisions\/7527"}],"wp:attachment":[{"href":"https:\/\/cpivaldelaatalaya.es\/index.php?rest_route=%2Fwp%2Fv2%2Fmedia&parent=5350"}],"curies":[{"name":"wp","href":"https:\/\/api.w.org\/{rel}","templated":true}]}}