{"id":5346,"date":"2021-04-30T19:24:22","date_gmt":"2021-04-30T19:24:22","guid":{"rendered":"http:\/\/cpivaldelaatalaya.es\/?page_id=5346"},"modified":"2021-06-22T07:26:30","modified_gmt":"2021-06-22T07:26:30","slug":"equipo-de-orientacion","status":"publish","type":"page","link":"https:\/\/cpivaldelaatalaya.es\/?page_id=5346","title":{"rendered":"Equipo de orientaci\u00f3n"},"content":{"rendered":"\n<p>En las etapas de Infantil y Primaria, el Equipo de Orientaci\u00f3n se encuentra integrado por la Orientadora, la Jefa de Estudios de estas etapas y las especialistas de Pedagog\u00eda Terap\u00e9utica y Audici\u00f3n y Lenguaje que atienden las etapas de Infantil y Primaria.\u00a0<\/p>\n<p>En la etapa de secundaria el Equipo de Orientaci\u00f3n est\u00e1 formado por la Orientadora, la Jefa de Estudios de Secundaria, la especialista en Pedagog\u00eda Terap\u00e9utica de esta etapa y por los dos docentes que se encargan de los \u00e1mbitos de car\u00e1cter ling\u00fc\u00edstico y social y cient\u00edfico matem\u00e1tico.\u00a0<\/p>\n<p>El Equipo de Orientaci\u00f3n en las tres etapas\u00a0 lleva a cabo, fundamentalmente,\u00a0 el seguimiento y la atenci\u00f3n del alumnado que presenta necesidades educativas especiales, o bien necesidad espec\u00edfica de apoyo educativo. As\u00ed como tambi\u00e9n presta atenci\u00f3n a alumnos que,\u00a0 \u00a0por sus caracter\u00edsticas personales y\/o sociales,\u00a0 han requerido tambi\u00e9n especial consideraci\u00f3n.\u00a0<\/p>\n","protected":false},"excerpt":{"rendered":"<p>En las etapas de Infantil y Primaria, el Equipo de Orientaci\u00f3n se encuentra integrado por la Orientadora, la Jefa de Estudios de estas etapas y las especialistas de Pedagog\u00eda Terap\u00e9utica y Audici\u00f3n y Lenguaje que atienden las etapas de Infantil y Primaria.\u00a0 En la etapa de secundaria el Equipo de Orientaci\u00f3n est\u00e1 formado por la &hellip; <\/p>\n<p><a class=\"more-link btn\" href=\"https:\/\/cpivaldelaatalaya.es\/?page_id=5346\">Seguir leyendo<\/a><\/p>\n","protected":false},"author":2,"featured_media":0,"parent":0,"menu_order":0,"comment_status":"closed","ping_status":"closed","template":"","meta":{"footnotes":""},"class_list":["post-5346","page","type-page","status-publish","hentry","nodate","item-wrap"],"_links":{"self":[{"href":"https:\/\/cpivaldelaatalaya.es\/index.php?rest_route=\/wp\/v2\/pages\/5346","targetHints":{"allow":["GET"]}}],"collection":[{"href":"https:\/\/cpivaldelaatalaya.es\/index.php?rest_route=\/wp\/v2\/pages"}],"about":[{"href":"https:\/\/cpivaldelaatalaya.es\/index.php?rest_route=\/wp\/v2\/types\/page"}],"author":[{"embeddable":true,"href":"https:\/\/cpivaldelaatalaya.es\/index.php?rest_route=\/wp\/v2\/users\/2"}],"replies":[{"embeddable":true,"href":"https:\/\/cpivaldelaatalaya.es\/index.php?rest_route=%2Fwp%2Fv2%2Fcomments&post=5346"}],"version-history":[{"count":2,"href":"https:\/\/cpivaldelaatalaya.es\/index.php?rest_route=\/wp\/v2\/pages\/5346\/revisions"}],"predecessor-version":[{"id":5759,"href":"https:\/\/cpivaldelaatalaya.es\/index.php?rest_route=\/wp\/v2\/pages\/5346\/revisions\/5759"}],"wp:attachment":[{"href":"https:\/\/cpivaldelaatalaya.es\/index.php?rest_route=%2Fwp%2Fv2%2Fmedia&parent=5346"}],"curies":[{"name":"wp","href":"https:\/\/api.w.org\/{rel}","templated":true}]}}