{"id":5330,"date":"2021-04-30T19:19:48","date_gmt":"2021-04-30T19:19:48","guid":{"rendered":"http:\/\/cpivaldelaatalaya.es\/?page_id=5330"},"modified":"2022-11-04T09:54:41","modified_gmt":"2022-11-04T09:54:41","slug":"justificantes-alumnado","status":"publish","type":"page","link":"https:\/\/cpivaldelaatalaya.es\/?page_id=5330","title":{"rendered":"Justificantes alumnado"},"content":{"rendered":"\n<p>Para la justificaci\u00f3n de las faltas de asistencia del alumnado, sus padres o tutores legales deber\u00e1n <strong>remitir un correo electr\u00f3nico al tutor o tutora<\/strong> correspondiente detallando la siguiente informaci\u00f3n:<\/p>\n<ul>\n<li>el d\u00eda\/d\u00edas de la ausencia.<\/li>\n<li>la hora\/horas de la ausencia (si la ausencia no ha sido de d\u00eda completo).<\/li>\n<li>el motivo de la ausencia.<\/li>\n<\/ul>\n<p>Las faltas de asistencia se deber\u00e1n justificar el propio d\u00eda en el que suceda la falta de asistencia o, a m\u00e1s tardar, el d\u00eda de su reincorporaci\u00f3n a las clases.\u00a0<\/p>\n<p><a href=\"https:\/\/cpivaldelaatalaya.es\/?page_id=5314\">Pinchando aqu\u00ed <\/a>podr\u00e9is encontrar las direcciones de correo electr\u00f3nico de los tutores de secundaria.\u00a0<\/p>\n<p>Si se prefiere, se puede entregar justificante en formato papel. Se puede descargar en el siguiente enlace:<\/p>\n\n\n\n<div class=\"wp-block-file\"><a href=\"https:\/\/cpivaldelaatalaya.es\/wp-content\/uploads\/2022\/11\/JUSTIFICANTE-AUSENCIA-ALUMNADO.pdf\">JUSTIFICANTE-AUSENCIA-ALUMNADO<\/a><a href=\"https:\/\/cpivaldelaatalaya.es\/wp-content\/uploads\/2022\/11\/JUSTIFICANTE-AUSENCIA-ALUMNADO.pdf\" class=\"wp-block-file__button\" download>Descarga<\/a><\/div>\n\n\n\n<p>FALTAS DE ASISTENCIA EN D\u00cdAS DE EX\u00c1MENES Y\/O PRUEBAS EVALUATIVAS<\/p>\n<p>Si un alumno falta a clase el d\u00eda en que est\u00e9 programado un examen o cualquier otro tipo de pruebas evaluativas, adem\u00e1s de justificar la ausencia al tutor, deber\u00e1 entregar justificante en formato papel al profesor de la asignatura de la que tuviera el examen. El modelo de justificante se puede descargar en el siguiente enlace:\u00a0\u00a0<\/p>\n\n\n\n<div class=\"wp-block-file\"><a href=\"https:\/\/cpivaldelaatalaya.es\/wp-content\/uploads\/2022\/11\/JUSTIFICANTE-AUSENCIA-ALUMNADO-DIA-DE-EXAMEN.pdf\">JUSTIFICANTE-AUSENCIA-ALUMNADO-DIA-DE-EXAMEN<\/a><a href=\"https:\/\/cpivaldelaatalaya.es\/wp-content\/uploads\/2022\/11\/JUSTIFICANTE-AUSENCIA-ALUMNADO-DIA-DE-EXAMEN.pdf\" class=\"wp-block-file__button\" download>Descarga<\/a><\/div>\n","protected":false},"excerpt":{"rendered":"<p>Para la justificaci\u00f3n de las faltas de asistencia del alumnado, sus padres o tutores legales deber\u00e1n remitir un correo electr\u00f3nico al tutor o tutora correspondiente detallando la siguiente informaci\u00f3n: el d\u00eda\/d\u00edas de la ausencia. la hora\/horas de la ausencia (si la ausencia no ha sido de d\u00eda completo). el motivo de la ausencia. Las faltas &hellip; <\/p>\n<p><a class=\"more-link btn\" href=\"https:\/\/cpivaldelaatalaya.es\/?page_id=5330\">Seguir leyendo<\/a><\/p>\n","protected":false},"author":2,"featured_media":0,"parent":0,"menu_order":0,"comment_status":"closed","ping_status":"closed","template":"","meta":{"footnotes":""},"class_list":["post-5330","page","type-page","status-publish","hentry","nodate","item-wrap"],"_links":{"self":[{"href":"https:\/\/cpivaldelaatalaya.es\/index.php?rest_route=\/wp\/v2\/pages\/5330","targetHints":{"allow":["GET"]}}],"collection":[{"href":"https:\/\/cpivaldelaatalaya.es\/index.php?rest_route=\/wp\/v2\/pages"}],"about":[{"href":"https:\/\/cpivaldelaatalaya.es\/index.php?rest_route=\/wp\/v2\/types\/page"}],"author":[{"embeddable":true,"href":"https:\/\/cpivaldelaatalaya.es\/index.php?rest_route=\/wp\/v2\/users\/2"}],"replies":[{"embeddable":true,"href":"https:\/\/cpivaldelaatalaya.es\/index.php?rest_route=%2Fwp%2Fv2%2Fcomments&post=5330"}],"version-history":[{"count":5,"href":"https:\/\/cpivaldelaatalaya.es\/index.php?rest_route=\/wp\/v2\/pages\/5330\/revisions"}],"predecessor-version":[{"id":6725,"href":"https:\/\/cpivaldelaatalaya.es\/index.php?rest_route=\/wp\/v2\/pages\/5330\/revisions\/6725"}],"wp:attachment":[{"href":"https:\/\/cpivaldelaatalaya.es\/index.php?rest_route=%2Fwp%2Fv2%2Fmedia&parent=5330"}],"curies":[{"name":"wp","href":"https:\/\/api.w.org\/{rel}","templated":true}]}}