{"id":5322,"date":"2021-04-30T19:18:13","date_gmt":"2021-04-30T19:18:13","guid":{"rendered":"http:\/\/cpivaldelaatalaya.es\/?page_id=5322"},"modified":"2025-11-28T08:54:41","modified_gmt":"2025-11-28T08:54:41","slug":"calendario-general-de-evaluaciones","status":"publish","type":"page","link":"https:\/\/cpivaldelaatalaya.es\/?page_id=5322","title":{"rendered":"Calendario de evaluaciones"},"content":{"rendered":"\n<p><span style=\"font-weight: 400;\">Las fechas previstas para la realizaci\u00f3n de las sesiones de evaluaci\u00f3n en el curso 2025-2026 son:<\/span><\/p>\n<ul>\n<li style=\"font-weight: 400;\" aria-level=\"1\"><span style=\"font-weight: 400;\">Evaluaci\u00f3n inicial: 1, 2 y 3 de octubre. (Sin entrega de boletines.)<\/span><\/li>\n<li style=\"font-weight: 400;\" aria-level=\"1\"><span style=\"font-weight: 400;\">Primera evaluaci\u00f3n: 2, 3 y 4 de diciembre. Boletines de notas a partir del 9 de diciembre exclusivamente a trav\u00e9s de SIGAD.\u00a0\u00a0<\/span><\/li>\n<li style=\"font-weight: 400;\" aria-level=\"1\"><span style=\"font-weight: 400;\">Segunda evaluaci\u00f3n: 17, 18 y 19de marzo.\u00a0 Boletines de notas a partir del 23 de marzo exclusivamente a trav\u00e9s de SIGAD.\u00a0\u00a0<\/span><\/li>\n<li style=\"font-weight: 400;\" aria-level=\"1\"><span style=\"font-weight: 400;\">Tercera evaluaci\u00f3n y final:<\/span>\n<ul>\n<li style=\"font-weight: 400;\" aria-level=\"1\"><span style=\"font-weight: 400;\">15, 16 <\/span><span style=\"font-weight: 400;\">\u00a0y 17 de junio.\u00a0<\/span><\/li>\n<li style=\"font-weight: 400;\" aria-level=\"1\"><span style=\"font-weight: 400;\">Entrega de boletines\u00a0 el 19 de junio exclusivamente a trav\u00e9s de SIGAD.\u00a0<\/span><\/li>\n<\/ul>\n<\/li>\n<\/ul>\n<p><span style=\"font-weight: 400;\">Estas fechas pueden ser modificadas seg\u00fan necesidades del centro.\u00a0<\/span><\/p>\n<p><strong>CALENDARIO DE MATERIAS PENDIENTES DE CURSOS ANTERIORES 25-26<\/strong><\/p>\n<p>Primer parcial (solo algunas materias). Semana del 19 al 23 de enero<\/p>\n<p>Segundo parcial y resto de asignaturas: Semana del 13 al 17 de abril. Se publicar\u00e1 el calendario completo semanas antes de la realizaci\u00f3n de las pruebas.<\/p>\n<p>\u00a0<\/p>\n<p>Acceso al tutorial sobre el uso de SIGAD en el siguiente enlace:<\/p>\n<p><blockquote class=\"wp-embedded-content\" data-secret=\"CD7YPEt7BS\"><a href=\"https:\/\/cpivaldelaatalaya.es\/?page_id=5320\">SIGAD para familias<\/a><\/blockquote><iframe loading=\"lazy\" class=\"wp-embedded-content\" sandbox=\"allow-scripts\" security=\"restricted\" style=\"position: absolute; visibility: hidden;\" title=\"\u00abSIGAD para familias\u00bb \u2014 CPI VAL DE LA ATALAYA\" src=\"https:\/\/cpivaldelaatalaya.es\/?page_id=5320&#038;embed=true#?secret=inlMMwL2ei#?secret=CD7YPEt7BS\" data-secret=\"CD7YPEt7BS\" width=\"600\" height=\"338\" frameborder=\"0\" marginwidth=\"0\" marginheight=\"0\" scrolling=\"no\"><\/iframe><\/p>\n","protected":false},"excerpt":{"rendered":"<p>Las fechas previstas para la realizaci\u00f3n de las sesiones de evaluaci\u00f3n en el curso 2025-2026 son: Evaluaci\u00f3n inicial: 1, 2 y 3 de octubre. (Sin entrega de boletines.) Primera evaluaci\u00f3n: 2, 3 y 4 de diciembre. Boletines de notas a partir del 9 de diciembre exclusivamente a trav\u00e9s de SIGAD.\u00a0\u00a0 Segunda evaluaci\u00f3n: 17, 18 y &hellip; <\/p>\n<p><a class=\"more-link btn\" href=\"https:\/\/cpivaldelaatalaya.es\/?page_id=5322\">Seguir leyendo<\/a><\/p>\n","protected":false},"author":2,"featured_media":0,"parent":0,"menu_order":0,"comment_status":"closed","ping_status":"closed","template":"","meta":{"footnotes":""},"class_list":["post-5322","page","type-page","status-publish","hentry","nodate","item-wrap"],"_links":{"self":[{"href":"https:\/\/cpivaldelaatalaya.es\/index.php?rest_route=\/wp\/v2\/pages\/5322","targetHints":{"allow":["GET"]}}],"collection":[{"href":"https:\/\/cpivaldelaatalaya.es\/index.php?rest_route=\/wp\/v2\/pages"}],"about":[{"href":"https:\/\/cpivaldelaatalaya.es\/index.php?rest_route=\/wp\/v2\/types\/page"}],"author":[{"embeddable":true,"href":"https:\/\/cpivaldelaatalaya.es\/index.php?rest_route=\/wp\/v2\/users\/2"}],"replies":[{"embeddable":true,"href":"https:\/\/cpivaldelaatalaya.es\/index.php?rest_route=%2Fwp%2Fv2%2Fcomments&post=5322"}],"version-history":[{"count":9,"href":"https:\/\/cpivaldelaatalaya.es\/index.php?rest_route=\/wp\/v2\/pages\/5322\/revisions"}],"predecessor-version":[{"id":9079,"href":"https:\/\/cpivaldelaatalaya.es\/index.php?rest_route=\/wp\/v2\/pages\/5322\/revisions\/9079"}],"wp:attachment":[{"href":"https:\/\/cpivaldelaatalaya.es\/index.php?rest_route=%2Fwp%2Fv2%2Fmedia&parent=5322"}],"curies":[{"name":"wp","href":"https:\/\/api.w.org\/{rel}","templated":true}]}}