{"id":5320,"date":"2021-04-30T19:17:29","date_gmt":"2021-04-30T19:17:29","guid":{"rendered":"http:\/\/cpivaldelaatalaya.es\/?page_id=5320"},"modified":"2021-07-14T07:12:12","modified_gmt":"2021-07-14T07:12:12","slug":"sigad-para-familias","status":"publish","type":"page","link":"https:\/\/cpivaldelaatalaya.es\/?page_id=5320","title":{"rendered":"SIGAD para familias"},"content":{"rendered":"\n<p>\u00a0<\/p>\n<p>SIGAD es la Aplicaci\u00f3n de Gesti\u00f3n Acad\u00e9mica y Did\u00e1ctica para centros educativos de Arag\u00f3n. A trav\u00e9s de esta plataforma virtual, las familias del alumnado, usando su usuario y clave de acceso, pueden tener informaci\u00f3n de sus hijos relacionada con el \u00e1mbito acad\u00e9mico: faltas de asistencia, retrasos, incidencias o amonestaciones y consulta de los boletines de las evaluaciones.\u00a0<\/p>\n<p>A continuaci\u00f3n encontrar\u00e9is el enlace para acceder a la plataforma. Tambi\u00e9n ten\u00e9is disponibles un manual y un videotutorial en el que se os explica el funcionamiento de la misma.\u00a0<\/p>\n<ul>\n<li><a href=\"https:\/\/aplicaciones.aragon.es\/sigaddweb\/login\">Enlace de acceso a SIGAD para familias.<\/a><\/li>\n<li><a href=\"https:\/\/educa.aragon.es\/documents\/20126\/643584\/SIGAD+-+Didactica+-+Manual+entorno+personal+v+1.2.pdf\/ad9443fd-aed8-8bd0-b362-51f6341e3337?t=1588112102945\">Manual para usuarios que utilizan la aplicaci\u00f3n con los perfiles personales.<\/a>\u00a0<\/li>\n<li><a href=\"https:\/\/educa.aragon.es\/-\/video-sigad-didactica-familias\">Videotutorial SIGAD did\u00e1ctica para familias<\/a>.\u00a0<\/li>\n<\/ul>\n","protected":false},"excerpt":{"rendered":"<p>\u00a0 SIGAD es la Aplicaci\u00f3n de Gesti\u00f3n Acad\u00e9mica y Did\u00e1ctica para centros educativos de Arag\u00f3n. A trav\u00e9s de esta plataforma virtual, las familias del alumnado, usando su usuario y clave de acceso, pueden tener informaci\u00f3n de sus hijos relacionada con el \u00e1mbito acad\u00e9mico: faltas de asistencia, retrasos, incidencias o amonestaciones y consulta de los boletines &hellip; <\/p>\n<p><a class=\"more-link btn\" href=\"https:\/\/cpivaldelaatalaya.es\/?page_id=5320\">Seguir leyendo<\/a><\/p>\n","protected":false},"author":2,"featured_media":0,"parent":0,"menu_order":0,"comment_status":"closed","ping_status":"closed","template":"","meta":{"footnotes":""},"class_list":["post-5320","page","type-page","status-publish","hentry","nodate","item-wrap"],"_links":{"self":[{"href":"https:\/\/cpivaldelaatalaya.es\/index.php?rest_route=\/wp\/v2\/pages\/5320","targetHints":{"allow":["GET"]}}],"collection":[{"href":"https:\/\/cpivaldelaatalaya.es\/index.php?rest_route=\/wp\/v2\/pages"}],"about":[{"href":"https:\/\/cpivaldelaatalaya.es\/index.php?rest_route=\/wp\/v2\/types\/page"}],"author":[{"embeddable":true,"href":"https:\/\/cpivaldelaatalaya.es\/index.php?rest_route=\/wp\/v2\/users\/2"}],"replies":[{"embeddable":true,"href":"https:\/\/cpivaldelaatalaya.es\/index.php?rest_route=%2Fwp%2Fv2%2Fcomments&post=5320"}],"version-history":[{"count":6,"href":"https:\/\/cpivaldelaatalaya.es\/index.php?rest_route=\/wp\/v2\/pages\/5320\/revisions"}],"predecessor-version":[{"id":5830,"href":"https:\/\/cpivaldelaatalaya.es\/index.php?rest_route=\/wp\/v2\/pages\/5320\/revisions\/5830"}],"wp:attachment":[{"href":"https:\/\/cpivaldelaatalaya.es\/index.php?rest_route=%2Fwp%2Fv2%2Fmedia&parent=5320"}],"curies":[{"name":"wp","href":"https:\/\/api.w.org\/{rel}","templated":true}]}}