{"id":5316,"date":"2021-04-30T19:16:50","date_gmt":"2021-04-30T19:16:50","guid":{"rendered":"http:\/\/cpivaldelaatalaya.es\/?page_id=5316"},"modified":"2025-03-23T21:34:22","modified_gmt":"2025-03-23T21:34:22","slug":"plan-de-estudios","status":"publish","type":"page","link":"https:\/\/cpivaldelaatalaya.es\/?page_id=5316","title":{"rendered":"Plan de Estudios"},"content":{"rendered":"\n<p><strong>Oferta educativa de Educaci\u00f3n Secundaria Obligatoria:<\/strong><\/p>\n<p>En la siguiente presentaci\u00f3n encontrar\u00e9is las materias que se estudian en nuestro centro en los cuatro cursos de Secundaria, as\u00ed como las materias que se cursan en lengua extranjera dentro del Itinerario Biling\u00fce BRIT-Arag\u00f3n.\u00a0<a href=\"https:\/\/view.genial.ly\/5eb4f8dc4dae8c0da995f5ac\/presentation-oferta-educativa-eso-cpi-val-de-la-atalaya\"><img loading=\"lazy\" decoding=\"async\" class=\"wp-image-6384 aligncenter\" src=\"https:\/\/cpivaldelaatalaya.es\/wp-content\/uploads\/2022\/05\/oferta-educativa-eso-portada-300x168.png\" alt=\"\" width=\"396\" height=\"222\" srcset=\"https:\/\/cpivaldelaatalaya.es\/wp-content\/uploads\/2022\/05\/oferta-educativa-eso-portada-300x168.png 300w, https:\/\/cpivaldelaatalaya.es\/wp-content\/uploads\/2022\/05\/oferta-educativa-eso-portada-1024x572.png 1024w, https:\/\/cpivaldelaatalaya.es\/wp-content\/uploads\/2022\/05\/oferta-educativa-eso-portada-768x429.png 768w, https:\/\/cpivaldelaatalaya.es\/wp-content\/uploads\/2022\/05\/oferta-educativa-eso-portada-1536x858.png 1536w, https:\/\/cpivaldelaatalaya.es\/wp-content\/uploads\/2022\/05\/oferta-educativa-eso-portada-750x419.png 750w, https:\/\/cpivaldelaatalaya.es\/wp-content\/uploads\/2022\/05\/oferta-educativa-eso-portada.png 1599w\" sizes=\"auto, (max-width: 396px) 100vw, 396px\" \/><\/a><\/p>\n<p>\u00a0<\/p>\n","protected":false},"excerpt":{"rendered":"<p>Oferta educativa de Educaci\u00f3n Secundaria Obligatoria: En la siguiente presentaci\u00f3n encontrar\u00e9is las materias que se estudian en nuestro centro en los cuatro cursos de Secundaria, as\u00ed como las materias que se cursan en lengua extranjera dentro del Itinerario Biling\u00fce BRIT-Arag\u00f3n.\u00a0 \u00a0<\/p>\n","protected":false},"author":12,"featured_media":0,"parent":0,"menu_order":0,"comment_status":"closed","ping_status":"closed","template":"","meta":{"footnotes":""},"class_list":["post-5316","page","type-page","status-publish","hentry","nodate","item-wrap"],"_links":{"self":[{"href":"https:\/\/cpivaldelaatalaya.es\/index.php?rest_route=\/wp\/v2\/pages\/5316","targetHints":{"allow":["GET"]}}],"collection":[{"href":"https:\/\/cpivaldelaatalaya.es\/index.php?rest_route=\/wp\/v2\/pages"}],"about":[{"href":"https:\/\/cpivaldelaatalaya.es\/index.php?rest_route=\/wp\/v2\/types\/page"}],"author":[{"embeddable":true,"href":"https:\/\/cpivaldelaatalaya.es\/index.php?rest_route=\/wp\/v2\/users\/12"}],"replies":[{"embeddable":true,"href":"https:\/\/cpivaldelaatalaya.es\/index.php?rest_route=%2Fwp%2Fv2%2Fcomments&post=5316"}],"version-history":[{"count":9,"href":"https:\/\/cpivaldelaatalaya.es\/index.php?rest_route=\/wp\/v2\/pages\/5316\/revisions"}],"predecessor-version":[{"id":8577,"href":"https:\/\/cpivaldelaatalaya.es\/index.php?rest_route=\/wp\/v2\/pages\/5316\/revisions\/8577"}],"wp:attachment":[{"href":"https:\/\/cpivaldelaatalaya.es\/index.php?rest_route=%2Fwp%2Fv2%2Fmedia&parent=5316"}],"curies":[{"name":"wp","href":"https:\/\/api.w.org\/{rel}","templated":true}]}}