{"id":5278,"date":"2021-04-30T18:55:48","date_gmt":"2021-04-30T18:55:48","guid":{"rendered":"http:\/\/cpivaldelaatalaya.es\/?page_id=5278"},"modified":"2023-01-26T07:45:36","modified_gmt":"2023-01-26T07:45:36","slug":"desarrollo-de-capacidades","status":"publish","type":"page","link":"https:\/\/cpivaldelaatalaya.es\/?page_id=5278","title":{"rendered":"Desarrollo de Capacidades"},"content":{"rendered":"\n<p>El CPI Val de la Atalaya participa en el programa Desarrollo de Capacidades.\u00a0 La finalidad del programa es ampliar y enriquecer la atenci\u00f3n educativa del alumnado que destaca por su elevado rendimiento escolar o por su capacidad o talento especial en alg\u00fan \u00e1rea del curr\u00edculo.<\/p>\n<ul>\n<li><a href=\"https:\/\/pdcvaldelaatalaya.blogspot.com\/\">Blog Programa de Desarrollo de Capacidades Secundaria<\/a><\/li>\n<li><a href=\"http:\/\/valdelaatalayadesarrollodecapacidades.blogspot.com.\" target=\"_blank\" rel=\"noopener noreferrer\">Blog \u00abSomos creativos\u00bb Primaria<\/a><\/li>\n<\/ul>\n","protected":false},"excerpt":{"rendered":"<p>El CPI Val de la Atalaya participa en el programa Desarrollo de Capacidades.\u00a0 La finalidad del programa es ampliar y enriquecer la atenci\u00f3n educativa del alumnado que destaca por su elevado rendimiento escolar o por su capacidad o talento especial en alg\u00fan \u00e1rea del curr\u00edculo. Blog Programa de Desarrollo de Capacidades Secundaria Blog \u00abSomos creativos\u00bb &hellip; <\/p>\n<p><a class=\"more-link btn\" href=\"https:\/\/cpivaldelaatalaya.es\/?page_id=5278\">Seguir leyendo<\/a><\/p>\n","protected":false},"author":2,"featured_media":0,"parent":0,"menu_order":0,"comment_status":"closed","ping_status":"closed","template":"","meta":{"footnotes":""},"class_list":["post-5278","page","type-page","status-publish","hentry","nodate","item-wrap"],"_links":{"self":[{"href":"https:\/\/cpivaldelaatalaya.es\/index.php?rest_route=\/wp\/v2\/pages\/5278","targetHints":{"allow":["GET"]}}],"collection":[{"href":"https:\/\/cpivaldelaatalaya.es\/index.php?rest_route=\/wp\/v2\/pages"}],"about":[{"href":"https:\/\/cpivaldelaatalaya.es\/index.php?rest_route=\/wp\/v2\/types\/page"}],"author":[{"embeddable":true,"href":"https:\/\/cpivaldelaatalaya.es\/index.php?rest_route=\/wp\/v2\/users\/2"}],"replies":[{"embeddable":true,"href":"https:\/\/cpivaldelaatalaya.es\/index.php?rest_route=%2Fwp%2Fv2%2Fcomments&post=5278"}],"version-history":[{"count":3,"href":"https:\/\/cpivaldelaatalaya.es\/index.php?rest_route=\/wp\/v2\/pages\/5278\/revisions"}],"predecessor-version":[{"id":6846,"href":"https:\/\/cpivaldelaatalaya.es\/index.php?rest_route=\/wp\/v2\/pages\/5278\/revisions\/6846"}],"wp:attachment":[{"href":"https:\/\/cpivaldelaatalaya.es\/index.php?rest_route=%2Fwp%2Fv2%2Fmedia&parent=5278"}],"curies":[{"name":"wp","href":"https:\/\/api.w.org\/{rel}","templated":true}]}}