{"id":5267,"date":"2021-04-30T18:40:17","date_gmt":"2021-04-30T18:40:17","guid":{"rendered":"http:\/\/cpivaldelaatalaya.es\/?page_id=5267"},"modified":"2021-11-11T08:15:08","modified_gmt":"2021-11-11T08:15:08","slug":"brit-aragon","status":"publish","type":"page","link":"https:\/\/cpivaldelaatalaya.es\/?page_id=5267","title":{"rendered":"BRIT-Arag\u00f3n"},"content":{"rendered":"\n<p><b>INFORMACI\u00d3N RELATIVA A LAS PRUEBAS DE CERTIFICACI\u00d3N DE <\/b><b>INGL\u00c9S NIVEL B1<\/b><b> CURSO 2021-2022<\/b><\/p>\n<p><span style=\"font-weight: 400;\">Todos los alumnos que actualmente cursen 4\u00baESO dentro de un itinerario biling\u00fce seg\u00fan el modelo BRIT Arag\u00f3n pueden presentarse a las pruebas de certificaci\u00f3n de nivel B1 en el idioma en el que este cursando su itinerario biling\u00fce en secundaria.\u00a0<\/span><\/p>\n<p><span style=\"font-weight: 400;\">Existen dos convocatorias para la obtenci\u00f3n del certificado, la ordinaria en el primer trimestre de 2022 y\u00a0 la extraordinaria, a celebrarse en septiembre.\u00a0<\/span><\/p>\n<p><span style=\"font-weight: 400;\">La prueba de certificaci\u00f3n tiene car\u00e1cter voluntario y la matr\u00edcula en la misma es gratuita. La gesti\u00f3n la\u00a0 llevar\u00e1 a cabo el Centro Aragon\u00e9s de Lenguas Extranjeras para la Educaci\u00f3n (CARLEE). La emisi\u00f3n del t\u00edtulo, en su caso, conllevar\u00e1 el pago de las correspondientes tasas seg\u00fan normativa vigente.\u00a0<\/span><\/p>\n<p><span style=\"font-weight: 400;\">Las pruebas escritas tendr\u00e1n lugar el mi\u00e9rcoles 23 de febrero de 2022, a partir de las 9:30, en el propio\u00a0 centro. Al tratarse de convocatoria \u00fanica para todos los centros del modelo BRIT-Arag\u00f3n, en caso de no\u00a0 asistir a la prueba, el alumno podr\u00e1 presentarse directamente a la convocatoria extraordinaria de septiembre. Los textos de las pruebas escritas son manipulables (se permite subrayado, anotaciones, etc.),\u00a0 no as\u00ed en la hoja de respuestas oficial de cada prueba.\u00a0<\/span><\/p>\n<p><span style=\"font-weight: 400;\">Las pruebas orales tendr\u00e1n lugar entre el 24 de enero y el 3 de marzo, en el propio centro, seg\u00fan el calendario organizativo que propondr\u00e1 el CARLEE.\u00a0<\/span><\/p>\n<p><span style=\"font-weight: 400;\">Para\u00a0 superar la prueba de certificaci\u00f3n y obtener el t\u00edtulo, es necesario aprobar cada una de las cinco\u00a0 destrezas que la componen de manera individual (comprensi\u00f3n oral y escrita, producci\u00f3n oral y escrita, y\u00a0 mediaci\u00f3n). Ser\u00e1 necesario obtener al menos un 50% de los puntos posibles en cada destreza (10 puntos\u00a0 sobre 20, habitualmente).\u00a0\u00a0<\/span><\/p>\n<p><span style=\"font-weight: 400;\">No se aplicar\u00e1n medias aritm\u00e9ticas compensatorias entre destrezas. No se guardar\u00e1n partes aprobadas\u00a0 para\u00a0 septiembre\u00a0 dentro\u00a0 de\u00a0 la mediaci\u00f3n\u00a0 (la mediaci\u00f3n\u00a0 se\u00a0 compone\u00a0 de mediaci\u00f3n\u00a0 oral\u00a0 y\u00a0 escrita,\u00a0 pero\u00a0 computa como una destreza \u00fanicamente). No obstante, s\u00ed se guardar\u00e1n destrezas completas superadas de manera independiente. Por ejemplo, si un alumno aprueba en la convocatoria ordinaria las destrezas\u00a0 de <\/span><i><span style=\"font-weight: 400;\">reading, listening y mediaci\u00f3n<\/span><\/i><span style=\"font-weight: 400;\">, \u00fanicamente tendr\u00e1 que presentarse a las pruebas de <\/span><i><span style=\"font-weight: 400;\">writing <\/span><\/i><span style=\"font-weight: 400;\">y <\/span><i><span style=\"font-weight: 400;\">spea<\/span><\/i><i><span style=\"font-weight: 400;\">king <\/span><\/i><span style=\"font-weight: 400;\">en la convocatoria de septiembre.\u00a0<\/span><\/p>\n<p><span style=\"font-weight: 400;\">Los alumnos que obtengan la certificaci\u00f3n en la convocatoria ordinaria podr\u00e1n presentarse a una prueba\u00a0 de certificaci\u00f3n en el mismo idioma y en un nivel superior como alumnado libre, a partir de abril, en las\u00a0 Escuelas Oficiales de Idiomas (EOI).\u00a0<\/span><\/p>\n<p><span style=\"font-weight: 400;\">La obtenci\u00f3n de este certificado de nivel B1 habilita para matricularse como alumnado presencial en el\u00a0 nivel B2.1 a partir del pr\u00f3ximo curso, en las EOI.<\/span><\/p>\n","protected":false},"excerpt":{"rendered":"<p>INFORMACI\u00d3N RELATIVA A LAS PRUEBAS DE CERTIFICACI\u00d3N DE INGL\u00c9S NIVEL B1 CURSO 2021-2022 Todos los alumnos que actualmente cursen 4\u00baESO dentro de un itinerario biling\u00fce seg\u00fan el modelo BRIT Arag\u00f3n pueden presentarse a las pruebas de certificaci\u00f3n de nivel B1 en el idioma en el que este cursando su itinerario biling\u00fce en secundaria.\u00a0 Existen dos &hellip; <\/p>\n<p><a class=\"more-link btn\" href=\"https:\/\/cpivaldelaatalaya.es\/?page_id=5267\">Seguir leyendo<\/a><\/p>\n","protected":false},"author":2,"featured_media":0,"parent":0,"menu_order":0,"comment_status":"closed","ping_status":"closed","template":"","meta":{"footnotes":""},"class_list":["post-5267","page","type-page","status-publish","hentry","nodate","item-wrap"],"_links":{"self":[{"href":"https:\/\/cpivaldelaatalaya.es\/index.php?rest_route=\/wp\/v2\/pages\/5267","targetHints":{"allow":["GET"]}}],"collection":[{"href":"https:\/\/cpivaldelaatalaya.es\/index.php?rest_route=\/wp\/v2\/pages"}],"about":[{"href":"https:\/\/cpivaldelaatalaya.es\/index.php?rest_route=\/wp\/v2\/types\/page"}],"author":[{"embeddable":true,"href":"https:\/\/cpivaldelaatalaya.es\/index.php?rest_route=\/wp\/v2\/users\/2"}],"replies":[{"embeddable":true,"href":"https:\/\/cpivaldelaatalaya.es\/index.php?rest_route=%2Fwp%2Fv2%2Fcomments&post=5267"}],"version-history":[{"count":3,"href":"https:\/\/cpivaldelaatalaya.es\/index.php?rest_route=\/wp\/v2\/pages\/5267\/revisions"}],"predecessor-version":[{"id":6048,"href":"https:\/\/cpivaldelaatalaya.es\/index.php?rest_route=\/wp\/v2\/pages\/5267\/revisions\/6048"}],"wp:attachment":[{"href":"https:\/\/cpivaldelaatalaya.es\/index.php?rest_route=%2Fwp%2Fv2%2Fmedia&parent=5267"}],"curies":[{"name":"wp","href":"https:\/\/api.w.org\/{rel}","templated":true}]}}