{"id":5232,"date":"2021-04-30T18:19:34","date_gmt":"2021-04-30T18:19:34","guid":{"rendered":"http:\/\/cpivaldelaatalaya.es\/?page_id=5232"},"modified":"2025-06-12T11:37:18","modified_gmt":"2025-06-12T11:37:18","slug":"becas","status":"publish","type":"page","link":"https:\/\/cpivaldelaatalaya.es\/?page_id=5232","title":{"rendered":"Becas"},"content":{"rendered":"\n<p><span style=\"font-weight: 400; color: #000000;\">Estimadas familias,\u00a0<\/span><\/p>\n<p><span style=\"color: #000000;\"><b>Os dejamos la informaci\u00f3n relativa a las becas de comedor y ayudas de material curricular para el curso 2025-2026.<\/b><\/span><\/p>\n<p><span style=\"font-weight: 400; color: #000000;\">Las solicitudes se tramitar\u00e1n de forma prioritaria en el centro educativo, aunque pueden presentarse tambi\u00e9n en el Servicio Provincial de Educaci\u00f3n.\u00a0<\/span><\/p>\n<p><span style=\"color: #000000;\"><b>A todos aquellos que hay\u00e1is sido beneficiarios de beca en el presente curso escolar<\/b><span style=\"font-weight: 400;\"> (tanto de comedor como de material curricular), os proporcionaremos desde el centro el <\/span><b>borrador<\/b><span style=\"font-weight: 400;\"> que ya contiene los datos que se presentaron. Prestad atenci\u00f3n a las instrucciones que adjuntamos, ya que en funci\u00f3n de vuestras situaciones familiares, tendr\u00e9is que corregir, a\u00f1adir o eliminar documentaci\u00f3n justificativa del borrador, o no. <\/span><\/span><span style=\"color: #ff0000;\"><b>Pod\u00e9is pasar por la administraci\u00f3n del centro para recoger vuestros borradores de 8:30 a 15:00h.<\/b><\/span><\/p>\n<p><span style=\"background-color: #ffff00; color: #000000;\"><b>El plazo para la presentaci\u00f3n de solicitudes comienza el viernes 13 de junio y termina el 26 de junio, ambos incluidos.\u00a0<\/b><\/span><\/p>\n<p><span style=\"color: #000000;\"><span style=\"font-weight: 400;\">-Adjunto instrucciones para <\/span><b>familias que ya fueron beneficiarias de beca<\/b><span style=\"font-weight: 400;\"> y por tanto, tienen borrador:\u00a0 <a href=\"https:\/\/drive.google.com\/file\/d\/1zYWi9XsUV78IzhB7U2bvidKTik0cJ5qF\/view?usp=sharing\">https:\/\/drive.google.com\/file\/d\/1zYWi9XsUV78IzhB7U2bvidKTik0cJ5qF\/view?usp=sharing<\/a><\/span><\/span><\/p>\n<p><span style=\"color: #000000;\"><span style=\"font-weight: 400;\">-Para las familias que quer\u00e1is <\/span><b>pedir beca por primera vez<\/b><span style=\"font-weight: 400;\">, pod\u00e9is consultar toda la informaci\u00f3n en el siguiente enlace:\u00a0 <a href=\"https:\/\/educa.aragon.es\/ayudas-de-comedor-y-material-curricular\">https:\/\/educa.aragon.es\/ayudas-de-comedor-y-material-curricular<\/a><\/span><\/span><\/p>\n<p><span style=\"color: #000000;\">-Documento de ayuda para las familias:\u00a0 <a href=\"https:\/\/drive.google.com\/file\/d\/1ZYPQRXNJe5LLzIkLDcwhMNROJ5zF5yMB\/view?usp=sharing\">https:\/\/drive.google.com\/file\/d\/1ZYPQRXNJe5LLzIkLDcwhMNROJ5zF5yMB\/view?usp=sharing<\/a><\/span><\/p>\n<p><span style=\"color: #ff0000;\"><b>Recordatorio<\/b><\/span><span style=\"font-weight: 400;\"><span style=\"color: #ff0000;\">:<\/span> <span style=\"color: #000000;\">La solicitud de adhesi\u00f3n al Banco de Libros es<\/span><\/span><span style=\"color: #000000;\"><b> incompatible<\/b><span style=\"font-weight: 400;\"> con la adjudicaci\u00f3n de ayudas de material curricular, por lo tanto, no se entregar\u00e1 el borrador de material curricular a aquellas familias que hayan solicitado Banco de Libros para el curso 25-26.<\/span><\/span><\/p>\n<p><strong>Dudas: secretaria@cpivaldelaatalaya.es<\/strong><\/p>\n","protected":false},"excerpt":{"rendered":"<p>Estimadas familias,\u00a0 Os dejamos la informaci\u00f3n relativa a las becas de comedor y ayudas de material curricular para el curso 2025-2026. Las solicitudes se tramitar\u00e1n de forma prioritaria en el centro educativo, aunque pueden presentarse tambi\u00e9n en el Servicio Provincial de Educaci\u00f3n.\u00a0 A todos aquellos que hay\u00e1is sido beneficiarios de beca en el presente curso &hellip; <\/p>\n<p><a class=\"more-link btn\" href=\"https:\/\/cpivaldelaatalaya.es\/?page_id=5232\">Seguir leyendo<\/a><\/p>\n","protected":false},"author":2,"featured_media":0,"parent":0,"menu_order":0,"comment_status":"closed","ping_status":"closed","template":"","meta":{"footnotes":""},"class_list":["post-5232","page","type-page","status-publish","hentry","nodate","item-wrap"],"_links":{"self":[{"href":"https:\/\/cpivaldelaatalaya.es\/index.php?rest_route=\/wp\/v2\/pages\/5232","targetHints":{"allow":["GET"]}}],"collection":[{"href":"https:\/\/cpivaldelaatalaya.es\/index.php?rest_route=\/wp\/v2\/pages"}],"about":[{"href":"https:\/\/cpivaldelaatalaya.es\/index.php?rest_route=\/wp\/v2\/types\/page"}],"author":[{"embeddable":true,"href":"https:\/\/cpivaldelaatalaya.es\/index.php?rest_route=\/wp\/v2\/users\/2"}],"replies":[{"embeddable":true,"href":"https:\/\/cpivaldelaatalaya.es\/index.php?rest_route=%2Fwp%2Fv2%2Fcomments&post=5232"}],"version-history":[{"count":3,"href":"https:\/\/cpivaldelaatalaya.es\/index.php?rest_route=\/wp\/v2\/pages\/5232\/revisions"}],"predecessor-version":[{"id":8799,"href":"https:\/\/cpivaldelaatalaya.es\/index.php?rest_route=\/wp\/v2\/pages\/5232\/revisions\/8799"}],"wp:attachment":[{"href":"https:\/\/cpivaldelaatalaya.es\/index.php?rest_route=%2Fwp%2Fv2%2Fmedia&parent=5232"}],"curies":[{"name":"wp","href":"https:\/\/api.w.org\/{rel}","templated":true}]}}