{"id":5230,"date":"2021-04-30T18:19:15","date_gmt":"2021-04-30T18:19:15","guid":{"rendered":"http:\/\/cpivaldelaatalaya.es\/?page_id=5230"},"modified":"2025-03-21T12:24:19","modified_gmt":"2025-03-21T12:24:19","slug":"solicitud-de-certificados","status":"publish","type":"page","link":"https:\/\/cpivaldelaatalaya.es\/?page_id=5230","title":{"rendered":"Solicitud de certificados matriculaci\u00f3n"},"content":{"rendered":"\n<p>\u00a0Las solicitudes de certificados, se realizan a trav\u00e9s del siguiente correo electr\u00f3nico:<\/p>\n<p><a href=\"mailto:administracion@cpivaldelaatalaya.es\"><em><strong>administracion@cpivaldelaatalaya.es<\/strong><\/em><\/a><\/p>\n<p>En el correo deben de estar los datos siguientes:<\/p>\n<ul>\n<li>Nombre y apellidos de la persona solicitante<\/li>\n<li>DNI<\/li>\n<li>Nombre y apellidos del alumno\/a<\/li>\n<li>Curso<\/li>\n<li>Relaci\u00f3n con el alumno\/a<\/li>\n<li>Motivo del certificado<\/li>\n<\/ul>\n<p>El certificado se entregar\u00e1 en la misma direcci\u00f3n de correo electr\u00f3nico desde el que se ha solicitado.<\/p>\n<p>\u00a0<\/p>\n","protected":false},"excerpt":{"rendered":"<p>\u00a0Las solicitudes de certificados, se realizan a trav\u00e9s del siguiente correo electr\u00f3nico: administracion@cpivaldelaatalaya.es En el correo deben de estar los datos siguientes: Nombre y apellidos de la persona solicitante DNI Nombre y apellidos del alumno\/a Curso Relaci\u00f3n con el alumno\/a Motivo del certificado El certificado se entregar\u00e1 en la misma direcci\u00f3n de correo electr\u00f3nico desde &hellip; <\/p>\n<p><a class=\"more-link btn\" href=\"https:\/\/cpivaldelaatalaya.es\/?page_id=5230\">Seguir leyendo<\/a><\/p>\n","protected":false},"author":2,"featured_media":0,"parent":0,"menu_order":0,"comment_status":"closed","ping_status":"closed","template":"","meta":{"footnotes":""},"class_list":["post-5230","page","type-page","status-publish","hentry","nodate","item-wrap"],"_links":{"self":[{"href":"https:\/\/cpivaldelaatalaya.es\/index.php?rest_route=\/wp\/v2\/pages\/5230","targetHints":{"allow":["GET"]}}],"collection":[{"href":"https:\/\/cpivaldelaatalaya.es\/index.php?rest_route=\/wp\/v2\/pages"}],"about":[{"href":"https:\/\/cpivaldelaatalaya.es\/index.php?rest_route=\/wp\/v2\/types\/page"}],"author":[{"embeddable":true,"href":"https:\/\/cpivaldelaatalaya.es\/index.php?rest_route=\/wp\/v2\/users\/2"}],"replies":[{"embeddable":true,"href":"https:\/\/cpivaldelaatalaya.es\/index.php?rest_route=%2Fwp%2Fv2%2Fcomments&post=5230"}],"version-history":[{"count":8,"href":"https:\/\/cpivaldelaatalaya.es\/index.php?rest_route=\/wp\/v2\/pages\/5230\/revisions"}],"predecessor-version":[{"id":8565,"href":"https:\/\/cpivaldelaatalaya.es\/index.php?rest_route=\/wp\/v2\/pages\/5230\/revisions\/8565"}],"wp:attachment":[{"href":"https:\/\/cpivaldelaatalaya.es\/index.php?rest_route=%2Fwp%2Fv2%2Fmedia&parent=5230"}],"curies":[{"name":"wp","href":"https:\/\/api.w.org\/{rel}","templated":true}]}}