{"id":4589,"date":"2020-03-24T16:04:17","date_gmt":"2020-03-24T16:04:17","guid":{"rendered":"http:\/\/cpivaldelaatalaya.es\/?page_id=4589"},"modified":"2021-05-13T09:47:36","modified_gmt":"2021-05-13T09:47:36","slug":"orientacion-educativa","status":"publish","type":"page","link":"https:\/\/cpivaldelaatalaya.es\/?page_id=4589","title":{"rendered":"ORIENTACI\u00d3N EDUCATIVA"},"content":{"rendered":"\n<p>Este es el nuevo espacio del Equipo de Orientaci\u00f3n del CPI Val de la Atalaya, que utilizaremos para compartir informaci\u00f3n y documentos que consideremos puedan ser de vuestro inter\u00e9s. <\/p>\n\n\n\n<p>Empezamos nuestra andadura en este espacio compartiendo con vosotros orientaciones y recursos que, consideramos, pueden ayudaros a sobrellevar mejor estos d\u00edas tan dif\u00edciles. <\/p>\n\n\n\n<p>Esperamos sean de vuestro inter\u00e9s y os sirvan de ayuda. <\/p>\n\n\n\n<p>Si ten\u00e9is alguna consulta o cuesti\u00f3n que quer\u00e1is tratar con la orientadora durante estos d\u00edas, pod\u00e9is hacerlo en el correo:\u00a0 rvalls@cpivaldelaatalaya.es<\/p>\n\n\n\n<p>Orientaciones sobre c\u00f3mo acompa\u00f1ar educativamente desde el coraz\u00f3n<\/p>\n\n\n\n<p> Conoce la L\u00ednea de Ayuda en Ciberseguridad  (PINCHA EN CADA IMAGEN PARA ACCEDER A M\u00c1S INFORMACI\u00d3N).<\/p>\n\n\n\n<figure class=\"wp-block-image size-large\"><a href=\"https:\/\/www.dropbox.com\/s\/s0at2ecsnmm97ff\/017_INCIBE.20200512132326.PDF?dl=0&amp;raw=0\"><img loading=\"lazy\" decoding=\"async\" width=\"973\" height=\"472\" src=\"https:\/\/cpivaldelaatalaya.es\/wp-content\/uploads\/2020\/05\/B.png\" alt=\"\" class=\"wp-image-4710\" srcset=\"https:\/\/cpivaldelaatalaya.es\/wp-content\/uploads\/2020\/05\/B.png 973w, https:\/\/cpivaldelaatalaya.es\/wp-content\/uploads\/2020\/05\/B-300x146.png 300w, https:\/\/cpivaldelaatalaya.es\/wp-content\/uploads\/2020\/05\/B-768x373.png 768w\" sizes=\"auto, (max-width: 973px) 100vw, 973px\" \/><\/a><\/figure>\n\n\n\n<p><\/p>\n\n\n\n<figure class=\"wp-block-image size-large\"><a href=\"https:\/\/www.dropbox.com\/s\/wq7glm3dhyvuvqo\/MENORES.20200512132413.PDF?dl=0&amp;raw=0\"><img loading=\"lazy\" decoding=\"async\" width=\"887\" height=\"524\" src=\"https:\/\/cpivaldelaatalaya.es\/wp-content\/uploads\/2020\/05\/A.png\" alt=\"\" class=\"wp-image-4711\" srcset=\"https:\/\/cpivaldelaatalaya.es\/wp-content\/uploads\/2020\/05\/A.png 887w, https:\/\/cpivaldelaatalaya.es\/wp-content\/uploads\/2020\/05\/A-300x177.png 300w, https:\/\/cpivaldelaatalaya.es\/wp-content\/uploads\/2020\/05\/A-768x454.png 768w\" sizes=\"auto, (max-width: 887px) 100vw, 887px\" \/><\/a><\/figure>\n\n\n\n<p><strong>A CONTINUACI\u00d3N OS DEJO EL ENLACE A DOS CUADERNOS QUE PUEDEN SERVIR PARA ENCONTRAR Y EXPRESAR SUS SENTIMIENTOS, UNO PARA NI\u00d1OS MAYORES Y OTRO PARA NI\u00d1OS PEQUE\u00d1OS.<\/strong><\/p>\n\n\n\n<p><strong>CUADERNO PARA NI\u00d1OS MAYORES: PARA DESCUBRIR SENTIMIENTOS. <\/strong><\/p>\n\n\n\n<div class=\"wp-block-file\"><a href=\"blob:https:\/\/cpivaldelaatalaya.es\/f4839a53-0ac9-443e-81c0-f04d56463f22\">CUADERNO NI\u00d1OS MAYORES <\/a><a href=\"blob:https:\/\/cpivaldelaatalaya.es\/f4839a53-0ac9-443e-81c0-f04d56463f22\" class=\"wp-block-file__button\" download>Descarga<\/a><\/div>\n\n\n\n<p><strong>CUADERNO PARA NI\u00d1OS PEQUE\u00d1OS: EXPRESAR SENTIMIENTO<\/strong>S<\/p>\n\n\n\n<div class=\"wp-block-file\"><a href=\"https:\/\/cpivaldelaatalaya.es\/wp-content\/uploads\/2020\/04\/DIARIO-PARA-LOS-MAS-PEQUE\u00d1OS.pdf\">DIARIO-PARA-LOS-MAS-PEQUE\u00d1OS<\/a><a href=\"https:\/\/cpivaldelaatalaya.es\/wp-content\/uploads\/2020\/04\/DIARIO-PARA-LOS-MAS-PEQUE\u00d1OS.pdf\" class=\"wp-block-file__button\" download>Descarga<\/a><\/div>\n\n\n\n<figure class=\"wp-block-image size-large\"><img loading=\"lazy\" decoding=\"async\" width=\"1024\" height=\"681\" src=\"https:\/\/cpivaldelaatalaya.es\/wp-content\/uploads\/2020\/04\/Captura-1-1024x681.png\" alt=\"\" class=\"wp-image-4674\" srcset=\"https:\/\/cpivaldelaatalaya.es\/wp-content\/uploads\/2020\/04\/Captura-1-1024x681.png 1024w, https:\/\/cpivaldelaatalaya.es\/wp-content\/uploads\/2020\/04\/Captura-1-300x199.png 300w, https:\/\/cpivaldelaatalaya.es\/wp-content\/uploads\/2020\/04\/Captura-1-768x510.png 768w, https:\/\/cpivaldelaatalaya.es\/wp-content\/uploads\/2020\/04\/Captura-1.png 1273w\" sizes=\"auto, (max-width: 1024px) 100vw, 1024px\" \/><\/figure>\n\n\n\n<p><strong>ACTIVIDADES PARA TRABAJAR  LAS EMOCIONES DE NUESTROS HIJOS: <\/strong><\/p>\n\n\n\n<div class=\"wp-block-file\"><a href=\"https:\/\/cpivaldelaatalaya.es\/wp-content\/uploads\/2020\/04\/ACTIVIDADES-EMOCIONES-1.docx\">ACTIVIDADES-EMOCIONES-1<\/a><a href=\"https:\/\/cpivaldelaatalaya.es\/wp-content\/uploads\/2020\/04\/ACTIVIDADES-EMOCIONES-1.docx\" class=\"wp-block-file__button\" download>Descarga<\/a><\/div>\n\n\n\n<p><strong>QUE TUS EMOCIONES NO QUEDEN CONFINADAS:<\/strong><\/p>\n\n\n\n<div class=\"wp-block-file\"><a href=\"https:\/\/cpivaldelaatalaya.es\/wp-content\/uploads\/2020\/04\/Que-tus-emociones-no-queden-confinadas.pdf\">Que-tus-emociones-no-queden-confinadas<\/a><a href=\"https:\/\/cpivaldelaatalaya.es\/wp-content\/uploads\/2020\/04\/Que-tus-emociones-no-queden-confinadas.pdf\" class=\"wp-block-file__button\" download>Descarga<\/a><\/div>\n\n\n\n<p><strong>OTRO PRECIOSO CUENTO<\/strong> :<\/p>\n\n\n\n<div class=\"wp-block-file\"><a href=\"https:\/\/cpivaldelaatalaya.es\/wp-content\/uploads\/2020\/04\/Cuentos-autoestima.pdf\">Cuentos-autoestima<\/a><a href=\"https:\/\/cpivaldelaatalaya.es\/wp-content\/uploads\/2020\/04\/Cuentos-autoestima.pdf\" class=\"wp-block-file__button\" download>Descarga<\/a><\/div>\n\n\n\n<p><strong>ACTIVIDADES PARA TRABAJAR LAS EMOCIONES<\/strong>:<\/p>\n\n\n\n<div class=\"wp-block-file\"><a href=\"https:\/\/cpivaldelaatalaya.es\/wp-content\/uploads\/2020\/04\/ACTIVIDADES-EMOCIONES.docx\">ACTIVIDADES-EMOCIONES<\/a><a href=\"https:\/\/cpivaldelaatalaya.es\/wp-content\/uploads\/2020\/04\/ACTIVIDADES-EMOCIONES.docx\" class=\"wp-block-file__button\" download>Descarga<\/a><\/div>\n\n\n\n<p><strong>ACTIVIDADES PARA TRABAJAR LOS CONFLICTOS EN LA ADOLESCENCIA<\/strong>:<\/p>\n\n\n\n<div class=\"wp-block-file\"><a href=\"https:\/\/cpivaldelaatalaya.es\/wp-content\/uploads\/2020\/04\/conflictos-adolescencia.docx\">conflictos-adolescencia<\/a><a href=\"https:\/\/cpivaldelaatalaya.es\/wp-content\/uploads\/2020\/04\/conflictos-adolescencia.docx\" class=\"wp-block-file__button\" download>Descarga<\/a><\/div>\n\n\n\n<figure class=\"wp-block-image size-large\"><img loading=\"lazy\" decoding=\"async\" width=\"493\" height=\"709\" src=\"https:\/\/cpivaldelaatalaya.es\/wp-content\/uploads\/2020\/03\/1-1.png\" alt=\"\" class=\"wp-image-4595\" srcset=\"https:\/\/cpivaldelaatalaya.es\/wp-content\/uploads\/2020\/03\/1-1.png 493w, https:\/\/cpivaldelaatalaya.es\/wp-content\/uploads\/2020\/03\/1-1-209x300.png 209w\" sizes=\"auto, (max-width: 493px) 100vw, 493px\" \/><\/figure>\n\n\n\n<p><strong>IMPORTANTE: ORIENTACIONES PARA CADA UNO DE LOS CICLOS EDUCATIVOS. <\/strong><\/p>\n\n\n\n<div class=\"wp-block-file\"><a href=\"https:\/\/cpivaldelaatalaya.es\/wp-content\/uploads\/2020\/03\/Orientaciones-Infantil.docx\"><br>Orientaciones-Infantil<\/a><a href=\"https:\/\/cpivaldelaatalaya.es\/wp-content\/uploads\/2020\/03\/Orientaciones-Infantil.docx\" class=\"wp-block-file__button\" download>Descarga<\/a><\/div>\n\n\n\n<div class=\"wp-block-file\"><a href=\"https:\/\/cpivaldelaatalaya.es\/wp-content\/uploads\/2020\/03\/Orientaciones-1\u00ba-ciclo.docx\">Orientaciones-1\u00ba-ciclo<\/a><a href=\"https:\/\/cpivaldelaatalaya.es\/wp-content\/uploads\/2020\/03\/Orientaciones-1\u00ba-ciclo.docx\" class=\"wp-block-file__button\" download>Descarga<\/a><\/div>\n\n\n\n<div class=\"wp-block-file\"><a href=\"https:\/\/cpivaldelaatalaya.es\/wp-content\/uploads\/2020\/03\/Orientaciones-2\u00ba-ciclo.docx\">Orientaciones-2\u00ba-ciclo<\/a><a href=\"https:\/\/cpivaldelaatalaya.es\/wp-content\/uploads\/2020\/03\/Orientaciones-2\u00ba-ciclo.docx\" class=\"wp-block-file__button\" download>Descarga<\/a><\/div>\n\n\n\n<div class=\"wp-block-file\"><a href=\"https:\/\/cpivaldelaatalaya.es\/wp-content\/uploads\/2020\/03\/Orientaciones-tercer-ciclo.docx\">Orientaciones-tercer-ciclo<\/a><a href=\"https:\/\/cpivaldelaatalaya.es\/wp-content\/uploads\/2020\/03\/Orientaciones-tercer-ciclo.docx\" class=\"wp-block-file__button\" download>Descarga<\/a><\/div>\n\n\n\n<div class=\"wp-block-file\"><a href=\"https:\/\/cpivaldelaatalaya.es\/wp-content\/uploads\/2020\/03\/Orientaciones-secundaria.docx\">Orientaciones-secundaria<\/a><a href=\"https:\/\/cpivaldelaatalaya.es\/wp-content\/uploads\/2020\/03\/Orientaciones-secundaria.docx\" class=\"wp-block-file__button\" download>Descarga<\/a><\/div>\n\n\n\n<p><\/p>\n\n\n\n<div class=\"wp-block-file\"><a href=\"https:\/\/cpivaldelaatalaya.es\/wp-content\/uploads\/2020\/03\/gu\u00eda-para-hacer-la-cuarentena-m\u00e1s-llevadera-1.docx\"><strong>GU\u00cdA PARA HACER LA CUARENTENA M\u00c1S LLEVADERA:<\/strong> <\/a><a href=\"https:\/\/cpivaldelaatalaya.es\/wp-content\/uploads\/2020\/03\/gu\u00eda-para-hacer-la-cuarentena-m\u00e1s-llevadera-1.docx\" class=\"wp-block-file__button\" download>Descarga<\/a><\/div>\n\n\n\n<div class=\"wp-block-file\"><a href=\"https:\/\/cpivaldelaatalaya.es\/wp-content\/uploads\/2020\/03\/las-tareas-escolares-1.docx\"><strong>RECOMENDACIONES SOBRE LAS TAREAS ESCOLARES<\/strong><\/a><a href=\"https:\/\/cpivaldelaatalaya.es\/wp-content\/uploads\/2020\/03\/las-tareas-escolares-1.docx\" class=\"wp-block-file__button\" download>Descarga<\/a><\/div>\n\n\n\n<p><strong>OS DEJAMOS ESTOS CUENTOS PARA QUE LOS\/AS NI\u00d1OS\/AS PUEDAN ENTENDER MEJOR ESTA SITUACI\u00d3N QUE GENERA EL CORONAVIRUS:<\/strong><\/p>\n\n\n\n<p>CUENTO 1:<\/p>\n\n\n\n<p><a href=\"https:\/\/www.yumpu.com\/es\/document\/read\/63156813\/coronavirus-no-es-un-principe-ni-una-princesa\">https:\/\/www.yumpu.com\/es\/document\/read\/63156813\/coronavirus-no-es-un-principe-ni-una-princesa<\/a><\/p>\n\n\n\n<p>CUENTO 2: <\/p>\n\n\n\n<p> <a href=\"https:\/\/www.dropbox.com\/s\/q47pqnemqjmugu3\/CUENTO-MISION-QUEDARSE-EN-CASA.20200324165436.pdf?dl=0&amp;raw=0\"> https:\/\/www.dropbox.com\/s\/q47pqnemqjmugu3\/CUENTO-MISION-QUEDARSE-EN-CASA.20200324165436.pdf?dl=0&amp;raw=0 <\/a><\/p>\n\n\n\n<p>CUENTO 3: <\/p>\n\n\n\n<p><a href=\"https:\/\/www.dropbox.com\/s\/jl7lf5sydraw0r4\/COVIBOOK-Espa%C3%B1ol.20200324170041.pdf?dl=0&amp;raw=0\">https:\/\/www.dropbox.com\/s\/jl7lf5sydraw0r4\/COVIBOOK-Espa%C3%B1ol.20200324170041.pdf?dl=0&amp;raw=0<\/a><\/p>\n\n\n\n<p>CUENTO 4: <\/p>\n\n\n\n<p><a href=\"https:\/\/www.dropbox.com\/s\/c11nagyxcf4hee5\/rosa-contra-el-virus-cuento-para-explicar-a-los-ninos-y-ninas-el-coronavirus-y-otros-posibles-virus-5e72423588003.20200324170058.pdf?dl=0&amp;raw=0\">https:\/\/www.dropbox.com\/s\/c11nagyxcf4hee5\/rosa-contra-el-virus-cuento-para-explicar-a-los-ninos-y-ninas-el-coronavirus-y-otros-posibles-virus-5e72423588003.20200324170058.pdf?dl=0&amp;raw=0<\/a><\/p>\n\n\n\n<p>CUENTO 5: <\/p>\n\n\n\n<p><a href=\"https:\/\/www.dropbox.com\/s\/wlyvc73r1pdbcej\/5.%20cuento%20%20estrellas.20200325145754.pdf?dl=0&amp;raw=0\">https:\/\/www.dropbox.com\/s\/wlyvc73r1pdbcej\/5.%20cuento%20%20estrellas.20200325145754.pdf?dl=0&amp;raw=0<\/a><\/p>\n\n\n\n<p>CUENTO 6: <\/p>\n\n\n\n<p><a href=\"https:\/\/www.dropbox.com\/s\/jail0rvht250j2y\/4.%20CUENTOSCASA.20200325145812.pdf?dl=0&amp;raw=0\">https:\/\/www.dropbox.com\/s\/jail0rvht250j2y\/4.%20CUENTOSCASA.20200325145812.pdf?dl=0&amp;raw=0<\/a><\/p>\n\n\n\n<p>CUENTO 7:<\/p>\n\n\n\n<p><a href=\"https:\/\/www.dropbox.com\/s\/5nhe3rfz6w2sx8a\/El%20diario.20200326165132.pdf?dl=0&amp;raw=0\">https:\/\/www.dropbox.com\/s\/5nhe3rfz6w2sx8a\/El%20diario.20200326165132.pdf?dl=0&amp;raw=0<\/a><\/p>\n\n\n\n<p>CUENTO 8:<\/p>\n\n\n\n<p><a href=\"https:\/\/www.dropbox.com\/s\/aqoc1daltvy19ob\/aa34db_af8ee8e796614476babd275dba0653fc.pdf%20%281%29.20200326165433.pdf?dl=0&amp;raw=0\">https:\/\/www.dropbox.com\/s\/aqoc1daltvy19ob\/aa34db_af8ee8e796614476babd275dba0653fc.pdf%20%281%29.20200326165433.pdf?dl=0&amp;raw=0<\/a><\/p>\n\n\n\n<p><strong>DOCUMENTOS  IMPORTANTES EN ESTA SITUACI\u00d3N: <\/strong><\/p>\n\n\n\n<p><strong>DEC\u00c1LOGO PARA FOMENTAR EL APEGO EN CASA<\/strong><\/p>\n\n\n\n<p><a href=\"https:\/\/www.dropbox.com\/s\/qpbdrsygx67r630\/1.%20Dec%C3%A1logo%20de%20apego_compressed%20%281%29.20200325150020.pdf?dl=0&amp;raw=0\">https:\/\/www.dropbox.com\/s\/qpbdrsygx67r630\/1.%20Dec%C3%A1logo%20de%20apego_compressed%20%281%29.20200325150020.pdf?dl=0&amp;raw=0<\/a><\/p>\n\n\n\n<p><strong>EL CORONAVIRUS Y EL MIEDO EN LOS NI\u00d1OS<\/strong><\/p>\n\n\n\n<p><a href=\"https:\/\/www.dropbox.com\/s\/oxucq2hc26x6jth\/2.%20EL%20CORONAVIRUS%20Y%20EL%20MIEDO%20EN%20LOS%20NI%C3%91OS.20200325150145.pdf?dl=0&amp;raw=0\">https:\/\/www.dropbox.com\/s\/oxucq2hc26x6jth\/2.%20EL%20CORONAVIRUS%20Y%20EL%20MIEDO%20EN%20LOS%20NI%C3%91OS.20200325150145.pdf?dl=0&amp;raw=0<\/a><\/p>\n\n\n\n<p><strong>AMAR<\/strong><\/p>\n\n\n\n<p><a href=\"https:\/\/www.dropbox.com\/s\/gc1cyurmm5jgjgd\/3.%20amar_cuando_mas_se_necesita.20200325150345.pdf?dl=0&amp;raw=0\">https:\/\/www.dropbox.com\/s\/gc1cyurmm5jgjgd\/3.%20amar_cuando_mas_se_necesita.20200325150345.pdf?dl=0&amp;raw=0<\/a><\/p>\n\n\n\n<p><strong>CONSEJOS PSICOL\u00d3GICOS PARA LARGOS PERIODOS DENTRO DE CASA<\/strong><\/p>\n\n\n\n<p><a href=\"https:\/\/www.dropbox.com\/s\/5ud9id36t6zs2aw\/6.%20Consejos%20Psicologicos%20para%20largos%20periodos%20dentro%20de%20casa%20%281%29.20200325150450.pdf?dl=0&amp;raw=0\">https:\/\/www.dropbox.com\/s\/5ud9id36t6zs2aw\/6.%20Consejos%20Psicologicos%20para%20largos%20periodos%20dentro%20de%20casa%20%281%29.20200325150450.pdf?dl=0&amp;raw=0<\/a><\/p>\n\n\n\n<p><strong>CONSEJOS DE AYUDA PSICOL\u00d3GICA PARA LA POBLACI\u00d3N ANTE EL CORONAVIRUS<\/strong><\/p>\n\n\n\n<p><a href=\"https:\/\/www.dropbox.com\/s\/ypkbupyuaaj4z2r\/7.%20Pautas%20ps%20poblaci%C3%B3n%20general.20200325150637.pdf?dl=0&amp;raw=0\">https:\/\/www.dropbox.com\/s\/ypkbupyuaaj4z2r\/7.%20Pautas%20ps%20poblaci%C3%B3n%20general.20200325150637.pdf?dl=0&amp;raw=0<\/a><\/p>\n\n\n\n<p><strong>ACTIVIDADES INFANTILES PARA ESTOS D\u00cdAS<\/strong><\/p>\n\n\n\n<p><a href=\"https:\/\/www.dropbox.com\/s\/jmuf9tluwm7v6v4\/8.%20Actividades%20-%20plan%20b.20200325150804.pdf?dl=0&amp;raw=0\">https:\/\/www.dropbox.com\/s\/jmuf9tluwm7v6v4\/8.%20Actividades%20-%20plan%20b.20200325150804.pdf?dl=0&amp;raw=0<\/a><\/p>\n\n\n\n<p><strong>M\u00c1S ACTIVIDADES INFANTILES<\/strong><\/p>\n\n\n\n<p><a href=\"https:\/\/www.dropbox.com\/s\/qlig6tesu5wiodd\/9.%20ActividadesParaInfantil.20200325150930.pdf?dl=0&amp;raw=0\">https:\/\/www.dropbox.com\/s\/qlig6tesu5wiodd\/9.%20ActividadesParaInfantil.20200325150930.pdf?dl=0&amp;raw=0<\/a><\/p>\n\n\n\n<p><strong>T\u00c9CNICAS DE RELAJACI\u00d3N<\/strong> <\/p>\n\n\n\n<p><a href=\"https:\/\/www.dropbox.com\/s\/qr4u0tb2p2krgkh\/10.%20tecnica%20relajaci%C3%B3n_imaginacion.20200325182047.pdf?dl=0&amp;raw=0\">https:\/\/www.dropbox.com\/s\/qr4u0tb2p2krgkh\/10.%20tecnica%20relajaci%C3%B3n_imaginacion.20200325182047.pdf?dl=0&amp;raw=0<\/a><\/p>\n\n\n\n<div class=\"wp-block-file\"><a href=\"https:\/\/cpivaldelaatalaya.es\/wp-content\/uploads\/2020\/09\/Orientaciones-sobre-c\u00f3mo-acompa\u00f1ar-educativamente-desde-el-coraz\u00f3n-1.docx\">Orientaciones-sobre-c\u00f3mo-acompa\u00f1ar-educativamente-desde-el-coraz\u00f3n-1<\/a><a href=\"https:\/\/cpivaldelaatalaya.es\/wp-content\/uploads\/2020\/09\/Orientaciones-sobre-c\u00f3mo-acompa\u00f1ar-educativamente-desde-el-coraz\u00f3n-1.docx\" class=\"wp-block-file__button\" download>Descarga<\/a><\/div>\n\n\n\n<p><\/p>\n\n\n\n<p><\/p>\n","protected":false},"excerpt":{"rendered":"<p>Este es el nuevo espacio del Equipo de Orientaci\u00f3n del CPI Val de la Atalaya, que utilizaremos para compartir informaci\u00f3n y documentos que consideremos puedan ser de vuestro inter\u00e9s. Empezamos nuestra andadura en este espacio compartiendo con vosotros orientaciones y recursos que, consideramos, pueden ayudaros a sobrellevar mejor estos d\u00edas tan dif\u00edciles. Esperamos sean de &hellip; <\/p>\n<p><a class=\"more-link btn\" href=\"https:\/\/cpivaldelaatalaya.es\/?page_id=4589\">Seguir leyendo<\/a><\/p>\n","protected":false},"author":2,"featured_media":0,"parent":0,"menu_order":0,"comment_status":"closed","ping_status":"closed","template":"","meta":{"footnotes":""},"class_list":["post-4589","page","type-page","status-publish","hentry","nodate","item-wrap"],"_links":{"self":[{"href":"https:\/\/cpivaldelaatalaya.es\/index.php?rest_route=\/wp\/v2\/pages\/4589","targetHints":{"allow":["GET"]}}],"collection":[{"href":"https:\/\/cpivaldelaatalaya.es\/index.php?rest_route=\/wp\/v2\/pages"}],"about":[{"href":"https:\/\/cpivaldelaatalaya.es\/index.php?rest_route=\/wp\/v2\/types\/page"}],"author":[{"embeddable":true,"href":"https:\/\/cpivaldelaatalaya.es\/index.php?rest_route=\/wp\/v2\/users\/2"}],"replies":[{"embeddable":true,"href":"https:\/\/cpivaldelaatalaya.es\/index.php?rest_route=%2Fwp%2Fv2%2Fcomments&post=4589"}],"version-history":[{"count":13,"href":"https:\/\/cpivaldelaatalaya.es\/index.php?rest_route=\/wp\/v2\/pages\/4589\/revisions"}],"predecessor-version":[{"id":5647,"href":"https:\/\/cpivaldelaatalaya.es\/index.php?rest_route=\/wp\/v2\/pages\/4589\/revisions\/5647"}],"wp:attachment":[{"href":"https:\/\/cpivaldelaatalaya.es\/index.php?rest_route=%2Fwp%2Fv2%2Fmedia&parent=4589"}],"curies":[{"name":"wp","href":"https:\/\/api.w.org\/{rel}","templated":true}]}}