{"id":3422,"date":"2018-07-03T05:00:49","date_gmt":"2018-07-03T05:00:49","guid":{"rendered":"http:\/\/cpivaldelaatalaya.es\/?page_id=3422"},"modified":"2021-05-03T20:24:03","modified_gmt":"2021-05-03T20:24:03","slug":"circulares","status":"publish","type":"page","link":"https:\/\/cpivaldelaatalaya.es\/?page_id=3422","title":{"rendered":"CIRCULARES"},"content":{"rendered":"<p><a href=\"https:\/\/cpivaldelaatalaya.es\/wp-content\/uploads\/2018\/07\/Logotipo_TokAppSchool.png\"><img loading=\"lazy\" decoding=\"async\" class=\"wp-image-3991 aligncenter\" src=\"https:\/\/cpivaldelaatalaya.es\/wp-content\/uploads\/2018\/07\/Logotipo_TokAppSchool-1024x400.png\" alt=\"\" width=\"376\" height=\"147\" srcset=\"https:\/\/cpivaldelaatalaya.es\/wp-content\/uploads\/2018\/07\/Logotipo_TokAppSchool.png 1024w, https:\/\/cpivaldelaatalaya.es\/wp-content\/uploads\/2018\/07\/Logotipo_TokAppSchool-300x117.png 300w, https:\/\/cpivaldelaatalaya.es\/wp-content\/uploads\/2018\/07\/Logotipo_TokAppSchool-768x300.png 768w\" sizes=\"auto, (max-width: 376px) 100vw, 376px\" \/><\/a>Todas las circulares e informaciones que se env\u00eden desde el Centro a las familias, se enviar\u00e1n a trav\u00e9s de la aplicaci\u00f3n gratuita Tokapp School, por lo que las familias deber\u00e1n descargarse esta aplicaci\u00f3n en su tel\u00e9fono m\u00f3vil.<\/p>\n<p><a href=\"https:\/\/cpivaldelaatalaya.es\/wp-content\/uploads\/2018\/07\/tokapp-school.jpeg\"><img loading=\"lazy\" decoding=\"async\" class=\"size-full wp-image-3990 aligncenter\" src=\"https:\/\/cpivaldelaatalaya.es\/wp-content\/uploads\/2018\/07\/tokapp-school.jpeg\" alt=\"\" width=\"225\" height=\"225\" srcset=\"https:\/\/cpivaldelaatalaya.es\/wp-content\/uploads\/2018\/07\/tokapp-school.jpeg 225w, https:\/\/cpivaldelaatalaya.es\/wp-content\/uploads\/2018\/07\/tokapp-school-150x150.jpeg 150w, https:\/\/cpivaldelaatalaya.es\/wp-content\/uploads\/2018\/07\/tokapp-school-50x50.jpeg 50w\" sizes=\"auto, (max-width: 225px) 100vw, 225px\" \/><\/a><\/p>\n","protected":false},"excerpt":{"rendered":"<p>Todas las circulares e informaciones que se env\u00eden desde el Centro a las familias, se enviar\u00e1n a trav\u00e9s de la aplicaci\u00f3n gratuita Tokapp School, por lo que las familias deber\u00e1n descargarse esta aplicaci\u00f3n en su tel\u00e9fono m\u00f3vil.<\/p>\n","protected":false},"author":2,"featured_media":0,"parent":0,"menu_order":0,"comment_status":"closed","ping_status":"closed","template":"","meta":{"footnotes":""},"class_list":["post-3422","page","type-page","status-publish","hentry","nodate","item-wrap"],"_links":{"self":[{"href":"https:\/\/cpivaldelaatalaya.es\/index.php?rest_route=\/wp\/v2\/pages\/3422","targetHints":{"allow":["GET"]}}],"collection":[{"href":"https:\/\/cpivaldelaatalaya.es\/index.php?rest_route=\/wp\/v2\/pages"}],"about":[{"href":"https:\/\/cpivaldelaatalaya.es\/index.php?rest_route=\/wp\/v2\/types\/page"}],"author":[{"embeddable":true,"href":"https:\/\/cpivaldelaatalaya.es\/index.php?rest_route=\/wp\/v2\/users\/2"}],"replies":[{"embeddable":true,"href":"https:\/\/cpivaldelaatalaya.es\/index.php?rest_route=%2Fwp%2Fv2%2Fcomments&post=3422"}],"version-history":[{"count":3,"href":"https:\/\/cpivaldelaatalaya.es\/index.php?rest_route=\/wp\/v2\/pages\/3422\/revisions"}],"predecessor-version":[{"id":5560,"href":"https:\/\/cpivaldelaatalaya.es\/index.php?rest_route=\/wp\/v2\/pages\/3422\/revisions\/5560"}],"wp:attachment":[{"href":"https:\/\/cpivaldelaatalaya.es\/index.php?rest_route=%2Fwp%2Fv2%2Fmedia&parent=3422"}],"curies":[{"name":"wp","href":"https:\/\/api.w.org\/{rel}","templated":true}]}}