{"id":1485,"date":"2015-07-06T13:51:14","date_gmt":"2015-07-06T13:51:14","guid":{"rendered":"http:\/\/cpivaldelaatalaya.es\/?page_id=1485"},"modified":"2023-01-26T08:46:17","modified_gmt":"2023-01-26T08:46:17","slug":"ubicacion","status":"publish","type":"page","link":"https:\/\/cpivaldelaatalaya.es\/?page_id=1485","title":{"rendered":"Ubicaci\u00f3n y horario general del centro"},"content":{"rendered":"<p>El Centro se encuentra ubicado en la calle R\u00edo Jal\u00f3n S\/N, de Mar\u00eda de Huerva, a 16 km de Zaragoza.<\/p>\n<p><iframe loading=\"lazy\" style=\"border: 0;\" src=\"https:\/\/www.google.com\/maps\/embed?pb=!1m18!1m12!1m3!1d2986.2549258429613!2d-1.0008936842696567!3d41.5420772943535!2m3!1f0!2f0!3f0!3m2!1i1024!2i768!4f13.1!3m3!1m2!1s0xd5943c6d50eab3f%3A0x90fcffe2aa6405e8!2sCEIP+VAL+DE+LA+ATALAYA!5e0!3m2!1ses!2ses!4v1457004114220\" width=\"600\" height=\"450\" frameborder=\"0\" allowfullscreen=\"allowfullscreen\"><\/iframe><\/p>\n<p style=\"text-align: center;\"><b>HORARIOS LECTIVOS<\/b><\/p>\n<table style=\"width: 100%;\">\n<tbody>\n<tr>\n<td style=\"width: 30.8001%;\" colspan=\"2\">\n<p><b>INFANTIL Y PRIMARIA<\/b><\/p>\n<\/td>\n<td style=\"width: 1.33333%;\">\u00a0<\/td>\n<td style=\"width: 33.8667%;\" colspan=\"2\">\n<p><b>INFANTIL Y PRIMARIA <\/b><b>(jornada reducida <\/b><b>septiembre y junio)<\/b><\/p>\n<\/td>\n<td style=\"width: 1.33333%;\">\u00a0<\/td>\n<td style=\"width: 33.6001%;\" colspan=\"2\">\n<p><strong>SECUNDARIA<\/strong><\/p>\n<\/td>\n<\/tr>\n<tr>\n<td style=\"width: 11.8667%;\">\n<p><span style=\"font-weight: 400;\">1\u00aa hora<\/span><\/p>\n<\/td>\n<td style=\"width: 18.9334%;\">\n<p><span style=\"font-weight: 400;\">9:00 &#8211; 10:00<\/span><\/p>\n<\/td>\n<td style=\"width: 1.33333%;\">\u00a0<\/td>\n<td style=\"width: 14.1333%;\">\n<p><span style=\"font-weight: 400;\">1\u00aa hora<\/span><\/p>\n<\/td>\n<td style=\"width: 19.7334%;\">\n<p><span style=\"font-weight: 400;\">9:00 &#8211; 9:50<\/span><\/p>\n<\/td>\n<td style=\"width: 1.33333%;\">\u00a0<\/td>\n<td style=\"width: 14.0001%;\">\n<p><span style=\"font-weight: 400;\">1\u00aa hora<\/span><\/p>\n<\/td>\n<td style=\"width: 19.6%;\">\n<p><span style=\"font-weight: 400;\">8:20 \u2013 9:10<\/span><\/p>\n<\/td>\n<\/tr>\n<tr>\n<td style=\"width: 11.8667%;\">\n<p><span style=\"font-weight: 400;\">2\u00aa hora<\/span><\/p>\n<\/td>\n<td style=\"width: 18.9334%;\">\n<p><span style=\"font-weight: 400;\">10:00 &#8211; 11:00<\/span><\/p>\n<\/td>\n<td style=\"width: 1.33333%;\">\u00a0<\/td>\n<td style=\"width: 14.1333%;\">\n<p><span style=\"font-weight: 400;\">2\u00aa hora<\/span><\/p>\n<\/td>\n<td style=\"width: 19.7334%;\">\n<p><span style=\"font-weight: 400;\">9:50 &#8211; 10:40<\/span><\/p>\n<\/td>\n<td style=\"width: 1.33333%;\">\u00a0<\/td>\n<td style=\"width: 14.0001%;\">\n<p><span style=\"font-weight: 400;\">2\u00aa hora<\/span><\/p>\n<\/td>\n<td style=\"width: 19.6%;\">\n<p><span style=\"font-weight: 400;\">9:15 \u2013 10:05<\/span><\/p>\n<\/td>\n<\/tr>\n<tr>\n<td style=\"width: 11.8667%;\">\n<p><span style=\"font-weight: 400;\">3\u00aa hora<\/span><\/p>\n<\/td>\n<td style=\"width: 18.9334%;\">\n<p><span style=\"font-weight: 400;\">11:00 &#8211; 11:45<\/span><\/p>\n<\/td>\n<td style=\"width: 1.33333%;\">\u00a0<\/td>\n<td style=\"width: 14.1333%;\">\n<p><span style=\"font-weight: 400;\">3\u00aa hora<\/span><\/p>\n<\/td>\n<td style=\"width: 19.7334%;\">\n<p><span style=\"font-weight: 400;\">10:40 &#8211; 11:30\u00a0<\/span><\/p>\n<\/td>\n<td style=\"width: 1.33333%;\">\u00a0<\/td>\n<td style=\"width: 14.0001%;\">\n<p><span style=\"font-weight: 400;\">3\u00aa hora<\/span><\/p>\n<\/td>\n<td style=\"width: 19.6%;\">\n<p><span style=\"font-weight: 400;\">10:10 \u2013 11:00<\/span><\/p>\n<\/td>\n<\/tr>\n<tr>\n<td style=\"width: 11.8667%;\">\n<p><span style=\"font-weight: 400;\">Recreo<\/span><\/p>\n<\/td>\n<td style=\"width: 18.9334%;\">\n<p><span style=\"font-weight: 400;\">11:45 &#8211; 12:15<\/span><\/p>\n<\/td>\n<td style=\"width: 1.33333%;\">\u00a0<\/td>\n<td style=\"width: 14.1333%;\">\n<p><span style=\"font-weight: 400;\">Recreo<\/span><\/p>\n<\/td>\n<td style=\"width: 19.7334%;\">\n<p><span style=\"font-weight: 400;\">11:30 &#8211; 12:10<\/span><\/p>\n<\/td>\n<td style=\"width: 1.33333%;\">\u00a0<\/td>\n<td style=\"width: 14.0001%;\">\n<p><span style=\"font-weight: 400;\">Recreo<\/span><\/p>\n<\/td>\n<td style=\"width: 19.6%;\">\n<p><span style=\"font-weight: 400;\">11:00 \u2013 11:30<\/span><\/p>\n<\/td>\n<\/tr>\n<tr>\n<td style=\"width: 11.8667%;\">\n<p><span style=\"font-weight: 400;\">4\u00aa hora<\/span><\/p>\n<\/td>\n<td style=\"width: 18.9334%;\">\n<p><span style=\"font-weight: 400;\">12:15 &#8211; 13:15<\/span><\/p>\n<\/td>\n<td style=\"width: 1.33333%;\">\u00a0<\/td>\n<td style=\"width: 14.1333%;\">\n<p><span style=\"font-weight: 400;\">4\u00aa hora<\/span><\/p>\n<\/td>\n<td style=\"width: 19.7334%;\">\n<p><span style=\"font-weight: 400;\">12:10 &#8211; 13:00<\/span><\/p>\n<\/td>\n<td style=\"width: 1.33333%;\">\u00a0<\/td>\n<td style=\"width: 14.0001%;\">\n<p><span style=\"font-weight: 400;\">4\u00aa hora<\/span><\/p>\n<\/td>\n<td style=\"width: 19.6%;\">\n<p><span style=\"font-weight: 400;\">11:30 \u2013 12:20<\/span><\/p>\n<\/td>\n<\/tr>\n<tr>\n<td style=\"width: 11.8667%;\">\n<p><span style=\"font-weight: 400;\">5\u00aa hora<\/span><\/p>\n<\/td>\n<td style=\"width: 18.9334%;\">\n<p><span style=\"font-weight: 400;\">13:15 &#8211; 14:00<\/span><\/p>\n<\/td>\n<td style=\"width: 1.33333%;\">\u00a0<\/td>\n<td style=\"width: 14.1333%;\">\u00a0<\/td>\n<td style=\"width: 19.7334%;\">\u00a0<\/td>\n<td style=\"width: 1.33333%;\">\u00a0<\/td>\n<td style=\"width: 14.0001%;\">\n<p><span style=\"font-weight: 400;\">5\u00aa hora<\/span><\/p>\n<\/td>\n<td style=\"width: 19.6%;\">\n<p><span style=\"font-weight: 400;\">12:25 \u2013 13:15<\/span><\/p>\n<\/td>\n<\/tr>\n<tr>\n<td style=\"width: 11.8667%;\">\u00a0<\/td>\n<td style=\"width: 18.9334%;\">\u00a0<\/td>\n<td style=\"width: 1.33333%;\">\u00a0<\/td>\n<td style=\"width: 14.1333%;\">\u00a0<\/td>\n<td style=\"width: 19.7334%;\">\u00a0<\/td>\n<td style=\"width: 1.33333%;\">\u00a0<\/td>\n<td style=\"width: 14.0001%;\">\n<p><span style=\"font-weight: 400;\">6\u00aa hora<\/span><\/p>\n<\/td>\n<td style=\"width: 19.6%;\">\n<p><span style=\"font-weight: 400;\">13:20 \u2013 14:10<\/span><\/p>\n<\/td>\n<\/tr>\n<\/tbody>\n<\/table>\n\n\n<p>\u00a0<\/p>\n<p>Fuera de los horarios lectivos, el centro est\u00e1 abierto desde las 7:30 hasta las 18:00. Durante las horas en las que no hay clase, se llevan a cabo diferentes actividades como madrugadores, apoyos, refuerzos y actividades extraescolares.\u00a0<\/p>\n","protected":false},"excerpt":{"rendered":"<p>El Centro se encuentra ubicado en la calle R\u00edo Jal\u00f3n S\/N, de Mar\u00eda de Huerva, a 16 km de Zaragoza. HORARIOS LECTIVOS INFANTIL Y PRIMARIA \u00a0 INFANTIL Y PRIMARIA (jornada reducida septiembre y junio) \u00a0 SECUNDARIA 1\u00aa hora 9:00 &#8211; 10:00 \u00a0 1\u00aa hora 9:00 &#8211; 9:50 \u00a0 1\u00aa hora 8:20 \u2013 9:10 2\u00aa hora &hellip; <\/p>\n<p><a class=\"more-link btn\" href=\"https:\/\/cpivaldelaatalaya.es\/?page_id=1485\">Seguir leyendo<\/a><\/p>\n","protected":false},"author":2,"featured_media":0,"parent":0,"menu_order":0,"comment_status":"open","ping_status":"closed","template":"","meta":{"footnotes":""},"class_list":["post-1485","page","type-page","status-publish","hentry","nodate","item-wrap"],"_links":{"self":[{"href":"https:\/\/cpivaldelaatalaya.es\/index.php?rest_route=\/wp\/v2\/pages\/1485","targetHints":{"allow":["GET"]}}],"collection":[{"href":"https:\/\/cpivaldelaatalaya.es\/index.php?rest_route=\/wp\/v2\/pages"}],"about":[{"href":"https:\/\/cpivaldelaatalaya.es\/index.php?rest_route=\/wp\/v2\/types\/page"}],"author":[{"embeddable":true,"href":"https:\/\/cpivaldelaatalaya.es\/index.php?rest_route=\/wp\/v2\/users\/2"}],"replies":[{"embeddable":true,"href":"https:\/\/cpivaldelaatalaya.es\/index.php?rest_route=%2Fwp%2Fv2%2Fcomments&post=1485"}],"version-history":[{"count":12,"href":"https:\/\/cpivaldelaatalaya.es\/index.php?rest_route=\/wp\/v2\/pages\/1485\/revisions"}],"predecessor-version":[{"id":6865,"href":"https:\/\/cpivaldelaatalaya.es\/index.php?rest_route=\/wp\/v2\/pages\/1485\/revisions\/6865"}],"wp:attachment":[{"href":"https:\/\/cpivaldelaatalaya.es\/index.php?rest_route=%2Fwp%2Fv2%2Fmedia&parent=1485"}],"curies":[{"name":"wp","href":"https:\/\/api.w.org\/{rel}","templated":true}]}}